{"id":842,"date":"2019-07-16T11:58:18","date_gmt":"2019-07-16T10:58:18","guid":{"rendered":"http:\/\/http:\/\/www.roletarstvo-bayer.si\/windows\/"},"modified":"2019-07-16T11:58:21","modified_gmt":"2019-07-16T10:58:21","slug":"windows","status":"publish","type":"page","link":"https:\/\/www.roletarstvo-bayer.si\/en\/windows\/","title":{"rendered":"Windows"},"content":{"rendered":"<p>[vc_row gap=&#8221;5&#8243; equal_height=&#8221;yes&#8221; content_placement=&#8221;middle&#8221; parallax_content=&#8221;parallax_content_value&#8221; fadeout_row=&#8221;fadeout_row_value&#8221; seperator_enable=&#8221;seperator_enable_value&#8221; seperator_type=&#8221;xlarge_circle_seperator&#8221; seperator_position=&#8221;bottom_seperator&#8221; seperator_shape_background=&#8221;#e5e5e5&#8243;][vc_column width=&#8221;1\/2&#8243;][vc_single_image image=&#8221;160&#8243; img_size=&#8221;full&#8221; alignment=&#8221;right&#8221; css_animation=&#8221;fadeIn&#8221;][\/vc_column][vc_column width=&#8221;1\/2&#8243;]<div id=\"ultimate-heading-651969e64d8b87792\" class=\"uvc-heading ult-adjust-bottom-margin ultimate-heading-651969e64d8b87792 uvc-5371 \" data-hspacer=\"no_spacer\"  data-halign=\"left\" style=\"text-align:left\"><div class=\"uvc-heading-spacer no_spacer\" style=\"top\"><\/div><div class=\"uvc-main-heading ult-responsive\"  data-ultimate-target='.uvc-heading.ultimate-heading-651969e64d8b87792 h2'  data-responsive-json-new='{\"font-size\":\"\",\"line-height\":\"\"}' ><h2 style=\"font-weight:normal;\">The right choice of your new PVC windows<\/h2><\/div><\/div>[vc_column_text]<strong>Depending on the purpose, options and the price you can choose between different lines of Bayer PVC and PVC-ALU windows. The choice depends on your preferences and requirements of the space in which the furniture is installed.<\/strong><\/p>\n<p>We manufacture windows and doors with state-of-the-art computer-aided technology and automated manufacturing processes on CNC devices of German origin Bayer products are recognized for their highest production quality, which combines the German quality of embedded materials (Winkhaus, K\u00f6mmerling &#8230;) and the knowledge, attention to detail and diligence of Slovenian workers.<\/p>\n<p>The installation of windows and doors is carried out by our own assembly groups, which at the customers\u2019 request provide dry-cleaning work (preparing the window openings) and the installation of window shelves.[\/vc_column_text][\/vc_column][\/vc_row][vc_row][vc_column][vc_separator][\/vc_column][\/vc_row][vc_row][vc_column width=&#8221;1\/2&#8243;]<div id=\"ultimate-heading-677469e64d8b877f1\" class=\"uvc-heading ult-adjust-bottom-margin ultimate-heading-677469e64d8b877f1 uvc-6543 \" data-hspacer=\"no_spacer\"  data-halign=\"center\" style=\"text-align:center\"><div class=\"uvc-heading-spacer no_spacer\" style=\"top\"><\/div><div class=\"uvc-main-heading ult-responsive\"  data-ultimate-target='.uvc-heading.ultimate-heading-677469e64d8b877f1 h2'  data-responsive-json-new='{\"font-size\":\"\",\"line-height\":\"\"}' ><h2 style=\"font-weight:normal;margin-top:15px;margin-bottom:15px;\">Bayer PVC windows<\/h2><\/div><\/div>[vc_row_inner][vc_column_inner width=&#8221;1\/2&#8243;][vc_single_image image=&#8221;142&#8243; img_size=&#8221;full&#8221; onclick=&#8221;custom_link&#8221; css=&#8221;.vc_custom_1540476944545{margin-bottom: 0px !important;border-top-width: 1px !important;border-right-width: 1px !important;border-bottom-width: 0px !important;border-left-width: 1px !important;padding-bottom: 0px !important;border-left-color: #ebebeb !important;border-left-style: solid !important;border-right-color: #ebebeb !important;border-right-style: solid !important;border-top-color: #ebebeb !important;border-top-style: solid !important;border-bottom-color: #ebebeb !important;border-bottom-style: solid !important;}&#8221; link=&#8221;https:\/\/www.roletarstvo-bayer.si\/okna\/okno-bayer-88\/&#8221;][vc_btn title=&#8221;Bayer 88 Premium Windows&#8221; style=&#8221;flat&#8221; shape=&#8221;square&#8221; size=&#8221;lg&#8221; align=&#8221;center&#8221; css_animation=&#8221;fadeInDown&#8221; button_block=&#8221;true&#8221; css=&#8221;.vc_custom_1540476959256{margin-top: 0px !important;border-top-width: 0px !important;}&#8221; el_class=&#8221;btn_vrsta&#8221; link=&#8221;url:%2F%3Fpage_id%3D58|&#8221;][\/vc_column_inner][vc_column_inner width=&#8221;1\/2&#8243;][vc_single_image image=&#8221;134&#8243; img_size=&#8221;full&#8221; onclick=&#8221;custom_link&#8221; css=&#8221;.vc_custom_1540477416050{margin-bottom: 0px !important;border-top-width: 1px !important;border-right-width: 1px !important;border-bottom-width: 0px !important;border-left-width: 1px !important;padding-bottom: 0px !important;border-left-color: #ebebeb !important;border-left-style: solid !important;border-right-color: #ebebeb !important;border-right-style: solid !important;border-top-color: #ebebeb !important;border-top-style: solid !important;border-bottom-color: #ebebeb !important;border-bottom-style: solid !important;}&#8221; link=&#8221;https:\/\/www.roletarstvo-bayer.si\/okna\/okno-bayer-76\/&#8221;][vc_btn title=&#8221;Bayer 76 Comfort Windows&#8221; style=&#8221;flat&#8221; shape=&#8221;square&#8221; size=&#8221;lg&#8221; align=&#8221;center&#8221; css_animation=&#8221;fadeInDown&#8221; button_block=&#8221;true&#8221; css=&#8221;.vc_custom_1540477408030{margin-top: 0px !important;border-top-width: 0px !important;}&#8221; el_class=&#8221;btn_vrsta&#8221; link=&#8221;url:%2F%3Fpage_id%3D61|&#8221;][\/vc_column_inner][\/vc_row_inner][\/vc_column][vc_column width=&#8221;1\/2&#8243;]<div id=\"ultimate-heading-370569e64d8b8782e\" class=\"uvc-heading ult-adjust-bottom-margin ultimate-heading-370569e64d8b8782e uvc-9233 \" data-hspacer=\"no_spacer\"  data-halign=\"center\" style=\"text-align:center\"><div class=\"uvc-heading-spacer no_spacer\" style=\"top\"><\/div><div class=\"uvc-main-heading ult-responsive\"  data-ultimate-target='.uvc-heading.ultimate-heading-370569e64d8b8782e h2'  data-responsive-json-new='{\"font-size\":\"\",\"line-height\":\"\"}' ><h2 style=\"font-weight:normal;margin-top:15px;margin-bottom:15px;\">Bayer PVC ALU windows<\/h2><\/div><\/div>[vc_row_inner][vc_column_inner width=&#8221;1\/2&#8243;][vc_single_image image=&#8221;138&#8243; img_size=&#8221;full&#8221; onclick=&#8221;custom_link&#8221; css=&#8221;.vc_custom_1540477047596{margin-bottom: 0px !important;border-top-width: 1px !important;border-right-width: 1px !important;border-bottom-width: 0px !important;border-left-width: 1px !important;padding-bottom: 0px !important;border-left-color: #ebebeb !important;border-left-style: solid !important;border-right-color: #ebebeb !important;border-right-style: solid !important;border-top-color: #ebebeb !important;border-top-style: solid !important;border-bottom-color: #ebebeb !important;border-bottom-style: solid !important;}&#8221; link=&#8221;https:\/\/www.roletarstvo-bayer.si\/okna\/okno-bayer-88-aluclip-pro\/&#8221;][vc_btn title=&#8221;Bayer Alu Clip Pro window&#8221; style=&#8221;flat&#8221; shape=&#8221;square&#8221; size=&#8221;lg&#8221; align=&#8221;center&#8221; css_animation=&#8221;fadeInDown&#8221; button_block=&#8221;true&#8221; css=&#8221;.vc_custom_1540477055897{margin-top: 0px !important;border-top-width: 0px !important;}&#8221; el_class=&#8221;btn_vrsta&#8221; link=&#8221;url:%2F%3Fpage_id%3D59|&#8221;][\/vc_column_inner][vc_column_inner width=&#8221;1\/2&#8243;][vc_single_image image=&#8221;146&#8243; img_size=&#8221;full&#8221; onclick=&#8221;custom_link&#8221; css=&#8221;.vc_custom_1540476996969{margin-bottom: 0px !important;border-top-width: 1px !important;border-right-width: 1px !important;border-bottom-width: 0px !important;border-left-width: 1px !important;padding-bottom: 0px !important;border-left-color: #ebebeb !important;border-left-style: solid !important;border-right-color: #ebebeb !important;border-right-style: solid !important;border-top-color: #ebebeb !important;border-top-style: solid !important;border-bottom-color: #ebebeb !important;border-bottom-style: solid !important;}&#8221; link=&#8221;https:\/\/www.roletarstvo-bayer.si\/okna\/okno-bayer-88-aluclip\/&#8221;][vc_btn title=&#8221;Bayer 88 Alu Clip windows&#8221; style=&#8221;flat&#8221; shape=&#8221;square&#8221; size=&#8221;lg&#8221; align=&#8221;center&#8221; css_animation=&#8221;fadeInDown&#8221; button_block=&#8221;true&#8221; css=&#8221;.vc_custom_1540477015773{margin-top: 0px !important;border-top-width: 0px !important;}&#8221; el_class=&#8221;btn_vrsta&#8221; link=&#8221;url:%2F%3Fpage_id%3D59|&#8221;][\/vc_column_inner][\/vc_row_inner][\/vc_column][\/vc_row][vc_row][vc_column][vc_separator][\/vc_column][\/vc_row][vc_row][vc_column width=&#8221;1\/2&#8243;][vc_single_image image=&#8221;156&#8243; img_size=&#8221;full&#8221;][\/vc_column][vc_column width=&#8221;1\/2&#8243;]<div id=\"ultimate-heading-74369e64d8b87864\" class=\"uvc-heading ult-adjust-bottom-margin ultimate-heading-74369e64d8b87864 uvc-5977 \" data-hspacer=\"no_spacer\"  data-halign=\"left\" style=\"text-align:left\"><div class=\"uvc-heading-spacer no_spacer\" style=\"top\"><\/div><div class=\"uvc-main-heading ult-responsive\"  data-ultimate-target='.uvc-heading.ultimate-heading-74369e64d8b87864 h2'  data-responsive-json-new='{\"font-size\":\"\",\"line-height\":\"\"}' ><h2 style=\"font-weight:normal;\">Top-quality PVC windows<\/h2><\/div><\/div>[vc_column_text]<strong>Our products are manufactured in accordance with SIST EN 14351. The initial type testing (ITT) was carried out by an accredited laboratory IFT Rosenheim, Institut f\u00fcr Fenstertechnik, Rosenheim.<\/strong><\/p>\n<p>Due to the excellent quality of the material, PVC windows have a long life expectancy and are easy to maintain.<\/p>\n<p>We offer a 10-year-warranty on the strength of the guards and durability of profiles in all color shades and wood decors and on fittings, which unambiguously testifies to the quality of our products.<\/p>\n<p>With the Slovene Quality &#8211; SQ Certificate &#8211; we provide you with the confirmation that we offer only the best materials and services for your money.[\/vc_column_text][\/vc_column][\/vc_row][vc_row][vc_column][vc_empty_space]<div id=\"ultimate-heading-391169e64d8b87899\" class=\"uvc-heading ult-adjust-bottom-margin ultimate-heading-391169e64d8b87899 uvc-7319 \" data-hspacer=\"no_spacer\"  data-halign=\"left\" style=\"text-align:left\"><div class=\"uvc-heading-spacer no_spacer\" style=\"top\"><\/div><div class=\"uvc-main-heading ult-responsive\"  data-ultimate-target='.uvc-heading.ultimate-heading-391169e64d8b87899 h2'  data-responsive-json-new='{\"font-size\":\"\",\"line-height\":\"\"}' ><h2 style=\"font-weight:normal;margin-bottom:25px;\">Technical specifications<\/h2><\/div><\/div>[vc_raw_html]PHN0eWxlPg0KYm9keSB0YWJsZSB7DQogICAgZm9udC1zaXplOiAuOGVtO2JvcmRlcjowOw0KfQ0KYm9keSB0YWJsZSB0aGVhZCB7DQogICAgYmFja2dyb3VuZDogI2Y3OTQxZQ0KfQ0KYm9keSB0YWJsZSB0aGVhZCB0ciB0ZCB7DQogICAgcGFkZGluZzogMTVweCAxMHB4Ow0KICAgIHRleHQtYWxpZ246IGNlbnRlcjsNCiAgICB2ZXJ0aWNhbC1hbGlnbjogbWlkZGxlOw0KICAgIGNvbG9yOiAjZmZmOw0KICAgIGZvbnQtd2VpZ2h0OiA1MDA7DQogICAgYm9yZGVyLXJpZ2h0OiAxcHggc29saWQgI2ZmZg0KfQ0KYm9keSB0YWJsZSB0aGVhZCB0ciB0ZDpmaXJzdC1jaGlsZCB7DQogICAgYmFja2dyb3VuZDogI2ZmZjsgICAgYm9yZGVyOiAwOw0KDQp9DQpib2R5IHRhYmxlIHRib2R5IHRyIHsNCiAgICBwYWRkaW5nOiAxMHB4Ow0KICAgIGJvcmRlci1ib3R0b206IDFweCBzb2xpZCAjRjRGNEY0DQp9DQpib2R5IHRhYmxlIHRib2R5IHRyOmxhc3QtY2hpbGQgew0KICAgIGJvcmRlci1ib3R0b206IDANCn0NCmJvZHkgdGFibGUgdGJvZHkgdHIgdGQgew0KICAgIHRleHQtYWxpZ246IGNlbnRlcjsNCiAgICB2ZXJ0aWNhbC1hbGlnbjogbWlkZGxlOw0KICAgIHBhZGRpbmc6IDEwcHgNCn0NCmJvZHkgdGFibGUgdGJvZHkgdHIgdGQuY2hhcnQgew0KICAgIHRleHQtYWxpZ246IHJpZ2h0Ow0KICAgIGJhY2tncm91bmQtY29sb3I6ICNmOWY5Zjk7DQogICAgYm9yZGVyLWJvdHRvbTogMXB4IHNvbGlkICNmZmY7DQogICAgcGFkZGluZy1yaWdodDogMTVweA0KfTwvc3R5bGU+DQo8dGFibGUgY2xhc3M9InRhYmxlQm9yZGVyIiBzdHlsZT0iYm9yZGVyLWNvbGxhcHNlOiBjb2xsYXBzZTsiIHdpZHRoPSIxMDAlIiBjZWxsc3BhY2luZz0iMCIgY2VsbHBhZGRpbmc9IjUiPg0KPHRoZWFkPg0KPHRyPg0KPHRkPjwvdGQ+DQo8dGQ+PHN0cm9uZz5PS05BIEJBWUVSIDc2PC9zdHJvbmc+PC90ZD4NCjx0ZD48c3Ryb25nPk9LTkEgQkFZRVIgODg8L3N0cm9uZz48L3RkPg0KPHRkPjxzdHJvbmc+T0tOQSBCQVlFUiA4OCBBTFVDTElQPC9zdHJvbmc+PC90ZD4NCjx0ZD48c3Ryb25nPk9LTkEgQkFZRVIgODggQUxVQ0xJUCBQcm88L3N0cm9uZz48L3RkPg0KPC90cj4NCjwvdGhlYWQ+DQo8dGJvZHk+DQo8dHI+DQo8dGQgY2xhc3M9ImNoYXJ0Ij48c3Ryb25nPlZyc3RhIHByb2ZpbGE8L3N0cm9uZz48L3RkPg0KPHRkPlB2YyBwcm9maWw8L3RkPg0KPHRkPlB2YyBwcm9maWw8L3RkPg0KPHRkPlB2YyBwcm9maWwgejxicj4NCmFsdW1pbmlqYXN0byBvYmxvZ288L3RkPg0KPHRkPlB2YyBpbiBhbHUgcHJvZmlsPC90ZD4NCjwvdHI+DQo8dHI+DQo8dGQgY2xhc3M9ImNoYXJ0Ij48c3Ryb25nPsWgdGV2aWxvIHpyYcSNbmloIGtvbW9yIChwcmVrYXRvdik8L3N0cm9uZz48L3RkPg0KPHRkPjUga29tb3I8L3RkPg0KPHRkPjcga29tb3I8L3RkPg0KPHRkPjcga29tb3I8L3RkPg0KPHRkPjcga29tb3I8L3RkPg0KPC90cj4NCjx0cj4NCjx0ZCBjbGFzcz0iY2hhcnQiPjxzdHJvbmc+xaBpcmluYSBva2Vuc2tlZ2Egb2t2aXJqYTwvc3Ryb25nPjwvdGQ+DQo8dGQ+NzYgbW08L3RkPg0KPHRkPjg4IG1tPC90ZD4NCjx0ZD45Myw1IG1tPC90ZD4NCjx0ZD45Myw1IG1tPC90ZD4NCjwvdHI+DQo8dHI+DQo8dGQgY2xhc3M9ImNoYXJ0Ij48c3Ryb25nPsWgaXJpbmEgb2tlbnNrZWdhIGtyaWxhPC9zdHJvbmc+PC90ZD4NCjx0ZD43NiBtbTwvdGQ+DQo8dGQ+ODggbW08L3RkPg0KPHRkPjkwIG1tPC90ZD4NCjx0ZD4xMTAsNSBtbTwvdGQ+DQo8L3RyPg0KPHRyPg0KPHRkIGNsYXNzPSJjaGFydCI+PHN0cm9uZz5Ub3Bsb3RuYSBpem9sYXRpdm5vc3QgcHJvZmlsYTwvc3Ryb25nPjwvdGQ+DQo8dGQ+VWYgb2QgMSwxIFcvbTxzdXA+Mjwvc3VwPks8L3RkPg0KPHRkPlVmPW9kIDAsOTUgVy9tPHN1cD4yPC9zdXA+SzwvdGQ+DQo8dGQ+VWY9b2QgMCw5NyBXL208c3VwPjI8L3N1cD5LPC90ZD4NCjx0ZD5VZiBvZCAwLDc5IFcvbTxzdXA+Mjwvc3VwPks8L3RkPg0KPC90cj4NCjx0cj4NCjx0ZCBjbGFzcz0iY2hhcnQiPjxzdHJvbmc+U3Rla2xvPC9zdHJvbmc+PC90ZD4NCjx0ZD5wbyDFvmVsamkgc3RyYW5rZTwvdGQ+DQo8dGQ+cG8gxb5lbGppIHN0cmFua2U8L3RkPg0KPHRkPnBvIMW+ZWxqaSBzdHJhbmtlPC90ZD4NCjx0ZD40LzE4LzQvMTgvNCBUR0kgVWc9IDAsNSBXL208c3VwPjI8L3N1cD5LPC90ZD4NCjwvdHI+DQo8dHI+DQo8dGQgY2xhc3M9ImNoYXJ0Ij48c3Ryb25nPlRvcGxvdG5hIGl6b2xhdGl2bm9zdCBva25hIHMgc3Rla2xvbSBVZz0wLDUgVy9tPHN1cD4yPC9zdXA+SyBpbiBzd2lzc3BhY2VyIGRpc3RhbsSNbmlrb208L3N0cm9uZz48L3RkPg0KPHRkPlV3PSBvZCAwLDc3IFcvbTxzdXA+Mjwvc3VwPks8L3RkPg0KPHRkPlV3PSBvZCAwLDcyIFcvbTxzdXA+Mjwvc3VwPks8L3RkPg0KPHRkPlV3PSBvZCAwLDczIFcvbTxzdXA+Mjwvc3VwPks8L3RkPg0KPHRkPlV3PSBvZCAwLDY3IFcvbTxzdXA+Mjwvc3VwPks8L3RkPg0KPC90cj4NCjx0cj4NCjx0ZCBjbGFzcz0iY2hhcnQiPjxzdHJvbmc+T2tvdmplPC9zdHJvbmc+PC90ZD4NCjx0ZD5Pc25vdm5hIHZhcm5vc3QsIG1vxb5ub3N0IG5hZGdyYWRuamUsIHZlxI1zdG9wZW5qc2tvIHByZXpyYcSNZXZhbmplPC90ZD4NCjx0ZD5WacWhamEgc3RvcG5qYSB2YXJub3N0aSwgbW\/Fvm5vc3QgbmFkZ3JhZG5qZSB2IFJDMywgdmXEjXN0b3Blbmpza28gcHJlenJhxI1ldmFuamUsIG9wY2lqYSBza3JpdGVnYSBva292amEsIGFsYXJtYeKApjwvdGQ+DQo8dGQ+VmnFoWphIHN0b3BuamEgdmFybm9zdGksIG1vxb5ub3N0IG5hZGdyYWRuamUgdiBSQzMsIHZlxI1zdG9wZW5qc2tvIHByZXpyYcSNZXZhbmplLCBvcGNpamEgc2tyaXRlZ2Egb2tvdmphLCBhbGFybWHigKY8L3RkPg0KPHRkPlZpxaFqYSBzdG9wbmphIHZhcm5vc3RpLCBtb8W+bm9zdCBuYWRncmFkbmplIHYgUkMzLCB2ZcSNc3RvcGVuanNrbyBwcmV6cmHEjWV2YW5qZSwgb3BjaWphIHNrcml0ZWdhIG9rb3ZqYSwgYWxhcm1h4oCmPC90ZD4NCjwvdHI+DQo8dHI+DQo8dGQgY2xhc3M9ImNoYXJ0Ij48c3Ryb25nPkJhcnZlPC9zdHJvbmc+PC90ZD4NCjx0ZD5iZWxhLDxicj4NCnpsYXRpIGhyYXN0IGluIHRlbW5pIGhyYXN0PC90ZD4NCjx0ZD7FoXRldmlsbmkgYmFydm5pIG9kdGVua2kgaW4gbGVzbmkgZGVrb3JqaTwvdGQ+DQo8dGQ+enVuYWogYmFydmUgcG8gcmFsIGxlc3R2aWNpLCBub3RyaSBiZWxhIGFsaSDFoXRldmlsbmkgbGVzbmkgZGVrb3JqaTwvdGQ+DQo8dGQ+enVuYWogYmFydmUgcG8gcmFsIGxlc3R2aWNpLCBub3RyaSBiZWxhIGFsaSDFoXRldmlsbmkgbGVzbmkgZGVrb3JqaTwvdGQ+DQo8L3RyPg0KPHRyPg0KPHRkIGNsYXNzPSJjaGFydCI+PHN0cm9uZz5UZXNuaWxvIG1lZCBrcmlsb20gaW4gb2t2aXJqZW08YnI+DQo8L3N0cm9uZz48L3RkPg0KPHRkPjIgdGVzbmlsaSArIGRvZGF0bm8gdGVzbmlsbyBwb2Qgc3Rla29tPC90ZD4NCjx0ZD4zIHRlc25pbGEgKyBkb2RhdG5vIHRlc25pbG8gcG9kIHN0ZWtsb208L3RkPg0KPHRkPjMgdGVzbmlsYSArIGRvZGF0bm8gdGVzbmlsbyBwb2Qgc3Rla2xvbTwvdGQ+DQo8dGQ+MyB0ZXNuaWxhICsgZG9kYXRubyB0ZXNuaWxvIHBvZCBzdGVrbG9tPC90ZD4NCjwvdHI+DQo8dHI+DQo8dGQgY2xhc3M9ImNoYXJ0Ij48c3Ryb25nPkdhcmFuY2lqYSBuYSBvYnN0b2pub3N0IHByb2ZpbG92IHYgdnNlaCBiYXJ2bmloIG9kdGVua2loPC9zdHJvbmc+PC90ZD4NCjx0ZD4xMCBsZXQ8L3RkPg0KPHRkPjEwIGxldDwvdGQ+DQo8dGQ+MTAgbGV0PC90ZD4NCjx0ZD4xMCBsZXQ8L3RkPg0KPC90cj4NCjx0cj4NCjx0ZD48L3RkPg0KPHRkPjxhIGNsYXNzPSJidXR0b24iIGhyZWY9Ii8\/cGFnZV9pZD02MSI+VmXEjTwvYT48L3RkPg0KPHRkPjxhIGNsYXNzPSJidXR0b24iIGhyZWY9Ii8\/cGFnZV9pZD01OCI+VmXEjTwvYT48L3RkPg0KPHRkPjxhIGNsYXNzPSJidXR0b24iIGhyZWY9Ii8\/cGFnZV9pZD01OSI+VmXEjTwvYT48L3RkPg0KPHRkPjxhIGNsYXNzPSJidXR0b24iIGhyZWY9Ii8\/cGFnZV9pZD02MCI+VmXEjTwvYT48L3RkPg0KPC90cj4NCjwvdGJvZHk+DQo8L3RhYmxlPg==[\/vc_raw_html][\/vc_column][\/vc_row]<\/p>\n","protected":false},"excerpt":{"rendered":"<p>[vc_row gap=&#8221;5&#8243; equal_height=&#8221;yes&#8221; content_placement=&#8221;middle&#8221; parallax_content=&#8221;parallax_content_value&#8221; fadeout_row=&#8221;fadeout_row_value&#8221; seperator_enable=&#8221;seperator_enable_value&#8221; seperator_type=&#8221;xlarge_circle_seperator&#8221; seperator_position=&#8221;bottom_seperator&#8221; seperator_shape_background=&#8221;#e5e5e5&#8243;][vc_column width=&#8221;1\/2&#8243;][vc_single_image image=&#8221;160&#8243; img_size=&#8221;full&#8221; alignment=&#8221;right&#8221; css_animation=&#8221;fadeIn&#8221;][\/vc_column][vc_column width=&#8221;1\/2&#8243;][vc_column_text]Depending on the purpose, options and the price you can choose between different lines of Bayer PVC and PVC-ALU windows. The choice depends on your preferences and requirements of the space in which the furniture is installed. We manufacture windows&hellip;<\/p>\n","protected":false},"author":1,"featured_media":0,"parent":0,"menu_order":0,"comment_status":"closed","ping_status":"closed","template":"","meta":[],"class_list":["post-842","page","type-page","status-publish","hentry","description-off"],"yoast_head":"<!-- This site is optimized with the Yoast SEO plugin v23.4 - https:\/\/yoast.com\/wordpress\/plugins\/seo\/ -->\n<title>PVC windows in PVC ALU windows - top-quality windows - Roletarstvo Bayer<\/title>\n<meta name=\"robots\" content=\"index, follow, max-snippet:-1, max-image-preview:large, max-video-preview:-1\" \/>\n<link rel=\"canonical\" href=\"https:\/\/www.roletarstvo-bayer.si\/en\/windows\/\" \/>\n<meta property=\"og:locale\" content=\"en_US\" \/>\n<meta property=\"og:type\" content=\"article\" \/>\n<meta property=\"og:title\" content=\"PVC windows in PVC ALU windows - top-quality windows - Roletarstvo Bayer\" \/>\n<meta property=\"og:description\" content=\"[vc_row gap=&#8221;5&#8243; equal_height=&#8221;yes&#8221; content_placement=&#8221;middle&#8221; parallax_content=&#8221;parallax_content_value&#8221; fadeout_row=&#8221;fadeout_row_value&#8221; seperator_enable=&#8221;seperator_enable_value&#8221; seperator_type=&#8221;xlarge_circle_seperator&#8221; seperator_position=&#8221;bottom_seperator&#8221; seperator_shape_background=&#8221;#e5e5e5&#8243;][vc_column width=&#8221;1\/2&#8243;][vc_single_image image=&#8221;160&#8243; img_size=&#8221;full&#8221; alignment=&#8221;right&#8221; css_animation=&#8221;fadeIn&#8221;][\/vc_column][vc_column width=&#8221;1\/2&#8243;][vc_column_text]Depending on the purpose, options and the price you can choose between different lines of Bayer PVC and PVC-ALU windows. The choice depends on your preferences and requirements of the space in which the furniture is installed. We manufacture windows&hellip;\" \/>\n<meta property=\"og:url\" content=\"https:\/\/www.roletarstvo-bayer.si\/en\/windows\/\" \/>\n<meta property=\"og:site_name\" content=\"Roletarstvo Bayer\" \/>\n<meta property=\"article:modified_time\" content=\"2019-07-16T10:58:21+00:00\" \/>\n<meta name=\"twitter:card\" content=\"summary_large_image\" \/>\n<meta name=\"twitter:label1\" content=\"Est. reading time\" \/>\n\t<meta name=\"twitter:data1\" content=\"8 minutes\" \/>\n<script type=\"application\/ld+json\" class=\"yoast-schema-graph\">{\"@context\":\"https:\/\/schema.org\",\"@graph\":[{\"@type\":\"WebPage\",\"@id\":\"https:\/\/www.roletarstvo-bayer.si\/en\/windows\/\",\"url\":\"https:\/\/www.roletarstvo-bayer.si\/en\/windows\/\",\"name\":\"PVC windows in PVC ALU windows - top-quality windows - Roletarstvo Bayer\",\"isPartOf\":{\"@id\":\"https:\/\/www.roletarstvo-bayer.si\/en\/#website\"},\"datePublished\":\"2019-07-16T10:58:18+00:00\",\"dateModified\":\"2019-07-16T10:58:21+00:00\",\"breadcrumb\":{\"@id\":\"https:\/\/www.roletarstvo-bayer.si\/en\/windows\/#breadcrumb\"},\"inLanguage\":\"en-US\",\"potentialAction\":[{\"@type\":\"ReadAction\",\"target\":[\"https:\/\/www.roletarstvo-bayer.si\/en\/windows\/\"]}]},{\"@type\":\"BreadcrumbList\",\"@id\":\"https:\/\/www.roletarstvo-bayer.si\/en\/windows\/#breadcrumb\",\"itemListElement\":[{\"@type\":\"ListItem\",\"position\":1,\"name\":\"Home\",\"item\":\"https:\/\/www.roletarstvo-bayer.si\/en\/\"},{\"@type\":\"ListItem\",\"position\":2,\"name\":\"Windows\"}]},{\"@type\":\"WebSite\",\"@id\":\"https:\/\/www.roletarstvo-bayer.si\/en\/#website\",\"url\":\"https:\/\/www.roletarstvo-bayer.si\/en\/\",\"name\":\"Roletarstvo Bayer\",\"description\":\"\u0160e eno spleti\u0161\u010de WordPress\",\"potentialAction\":[{\"@type\":\"SearchAction\",\"target\":{\"@type\":\"EntryPoint\",\"urlTemplate\":\"https:\/\/www.roletarstvo-bayer.si\/en\/?s={search_term_string}\"},\"query-input\":{\"@type\":\"PropertyValueSpecification\",\"valueRequired\":true,\"valueName\":\"search_term_string\"}}],\"inLanguage\":\"en-US\"}]}<\/script>\n<!-- \/ Yoast SEO plugin. -->","yoast_head_json":{"title":"PVC windows in PVC ALU windows - top-quality windows - Roletarstvo Bayer","robots":{"index":"index","follow":"follow","max-snippet":"max-snippet:-1","max-image-preview":"max-image-preview:large","max-video-preview":"max-video-preview:-1"},"canonical":"https:\/\/www.roletarstvo-bayer.si\/en\/windows\/","og_locale":"en_US","og_type":"article","og_title":"PVC windows in PVC ALU windows - top-quality windows - Roletarstvo Bayer","og_description":"[vc_row gap=&#8221;5&#8243; equal_height=&#8221;yes&#8221; content_placement=&#8221;middle&#8221; parallax_content=&#8221;parallax_content_value&#8221; fadeout_row=&#8221;fadeout_row_value&#8221; seperator_enable=&#8221;seperator_enable_value&#8221; seperator_type=&#8221;xlarge_circle_seperator&#8221; seperator_position=&#8221;bottom_seperator&#8221; seperator_shape_background=&#8221;#e5e5e5&#8243;][vc_column width=&#8221;1\/2&#8243;][vc_single_image image=&#8221;160&#8243; img_size=&#8221;full&#8221; alignment=&#8221;right&#8221; css_animation=&#8221;fadeIn&#8221;][\/vc_column][vc_column width=&#8221;1\/2&#8243;][vc_column_text]Depending on the purpose, options and the price you can choose between different lines of Bayer PVC and PVC-ALU windows. The choice depends on your preferences and requirements of the space in which the furniture is installed. We manufacture windows&hellip;","og_url":"https:\/\/www.roletarstvo-bayer.si\/en\/windows\/","og_site_name":"Roletarstvo Bayer","article_modified_time":"2019-07-16T10:58:21+00:00","twitter_card":"summary_large_image","twitter_misc":{"Est. reading time":"8 minutes"},"schema":{"@context":"https:\/\/schema.org","@graph":[{"@type":"WebPage","@id":"https:\/\/www.roletarstvo-bayer.si\/en\/windows\/","url":"https:\/\/www.roletarstvo-bayer.si\/en\/windows\/","name":"PVC windows in PVC ALU windows - top-quality windows - Roletarstvo Bayer","isPartOf":{"@id":"https:\/\/www.roletarstvo-bayer.si\/en\/#website"},"datePublished":"2019-07-16T10:58:18+00:00","dateModified":"2019-07-16T10:58:21+00:00","breadcrumb":{"@id":"https:\/\/www.roletarstvo-bayer.si\/en\/windows\/#breadcrumb"},"inLanguage":"en-US","potentialAction":[{"@type":"ReadAction","target":["https:\/\/www.roletarstvo-bayer.si\/en\/windows\/"]}]},{"@type":"BreadcrumbList","@id":"https:\/\/www.roletarstvo-bayer.si\/en\/windows\/#breadcrumb","itemListElement":[{"@type":"ListItem","position":1,"name":"Home","item":"https:\/\/www.roletarstvo-bayer.si\/en\/"},{"@type":"ListItem","position":2,"name":"Windows"}]},{"@type":"WebSite","@id":"https:\/\/www.roletarstvo-bayer.si\/en\/#website","url":"https:\/\/www.roletarstvo-bayer.si\/en\/","name":"Roletarstvo Bayer","description":"\u0160e eno spleti\u0161\u010de WordPress","potentialAction":[{"@type":"SearchAction","target":{"@type":"EntryPoint","urlTemplate":"https:\/\/www.roletarstvo-bayer.si\/en\/?s={search_term_string}"},"query-input":{"@type":"PropertyValueSpecification","valueRequired":true,"valueName":"search_term_string"}}],"inLanguage":"en-US"}]}},"_links":{"self":[{"href":"https:\/\/www.roletarstvo-bayer.si\/en\/wp-json\/wp\/v2\/pages\/842"}],"collection":[{"href":"https:\/\/www.roletarstvo-bayer.si\/en\/wp-json\/wp\/v2\/pages"}],"about":[{"href":"https:\/\/www.roletarstvo-bayer.si\/en\/wp-json\/wp\/v2\/types\/page"}],"author":[{"embeddable":true,"href":"https:\/\/www.roletarstvo-bayer.si\/en\/wp-json\/wp\/v2\/users\/1"}],"replies":[{"embeddable":true,"href":"https:\/\/www.roletarstvo-bayer.si\/en\/wp-json\/wp\/v2\/comments?post=842"}],"version-history":[{"count":1,"href":"https:\/\/www.roletarstvo-bayer.si\/en\/wp-json\/wp\/v2\/pages\/842\/revisions"}],"predecessor-version":[{"id":843,"href":"https:\/\/www.roletarstvo-bayer.si\/en\/wp-json\/wp\/v2\/pages\/842\/revisions\/843"}],"wp:attachment":[{"href":"https:\/\/www.roletarstvo-bayer.si\/en\/wp-json\/wp\/v2\/media?parent=842"}],"curies":[{"name":"wp","href":"https:\/\/api.w.org\/{rel}","templated":true}]}}