{"id":844,"date":"2019-07-16T12:06:28","date_gmt":"2019-07-16T11:06:28","guid":{"rendered":"http:\/\/http:\/\/www.roletarstvo-bayer.si\/windows\/windows-bayer-88-premium\/"},"modified":"2019-07-16T12:06:32","modified_gmt":"2019-07-16T11:06:32","slug":"windows-bayer-88-premium","status":"publish","type":"page","link":"https:\/\/www.roletarstvo-bayer.si\/en\/windows\/windows-bayer-88-premium\/","title":{"rendered":"Windows Bayer 88 Premium"},"content":{"rendered":"<p>[vc_row equal_height=&#8221;yes&#8221; content_placement=&#8221;middle&#8221;][vc_column width=&#8221;1\/2&#8243;][vc_single_image image=&#8221;142&#8243; img_size=&#8221;full&#8221; alignment=&#8221;center&#8221; lazy_loading=&#8221;true&#8221;][\/vc_column][vc_column width=&#8221;1\/2&#8243;][vc_column_text]<strong>The Bayer 88 windows represent a cutting-edge product that meets all the requirements of modern facilities.<\/strong><\/p>\n<p>If you want something unique and cost-effective, choose an innovative window of the future, that offers high sound and thermal insulation, and exceptional security in a sleek design that fits your desires.<\/p>\n<p>The Bayer 88 windows, with technical values such as energy efficiency, are clearly better than comparable systems.  A modern, high-quality windows system is durable and easy to maintain. This will make you enjoy your new windows for a long time.[\/vc_column_text][\/vc_column][\/vc_row][vc_row equal_height=&#8221;yes&#8221; content_placement=&#8221;middle&#8221; bg_type=&#8221;image&#8221; parallax_style=&#8221;vcpb-default&#8221; bg_image_new=&#8221;id^172|url^https:\/\/www.roletarstvo-bayer.si\/wp-content\/uploads\/88-blur.jpg|caption^null|alt^null|title^88-blur|description^null&#8221; bg_image_repeat=&#8221;no-repeat&#8221; bg_override=&#8221;ex-full&#8221; css=&#8221;.vc_custom_1540508802765{padding-top: 100px !important;padding-bottom: 100px !important;}&#8221;][vc_column width=&#8221;1\/6&#8243;][\/vc_column][vc_column width=&#8221;2\/3&#8243; css=&#8221;.vc_custom_1540508893033{padding-top: 25px !important;padding-right: 25px !important;padding-bottom: 25px !important;padding-left: 25px !important;background-color: rgba(255,255,255,0.89) !important;*background-color: rgb(255,255,255) !important;}&#8221;]<div id=\"ultimate-heading-268869e13ea943e71\" class=\"uvc-heading ult-adjust-bottom-margin ultimate-heading-268869e13ea943e71 uvc-8570 \" data-hspacer=\"no_spacer\"  data-halign=\"center\" style=\"text-align:center\"><div class=\"uvc-heading-spacer no_spacer\" style=\"top\"><\/div><div class=\"uvc-main-heading ult-responsive\"  data-ultimate-target='.uvc-heading.ultimate-heading-268869e13ea943e71 h2'  data-responsive-json-new='{\"font-size\":\"\",\"line-height\":\"\"}' ><h2 style=\"font-weight:normal;margin-bottom:20px;\">Advantages of Bayer 88 Premium PVC windows<\/h2><\/div><\/div>[vc_column_text]<\/p>\n<ul class=\"fa-ul ul-prednosti\">\n<li><i class=\"fa-li fa fa-check-circle\"><\/i>High-quality 7-chamber system,<\/li>\n<li><i class=\"fa-li fa fa-check-circle\"><\/i>PVC window system with 88mm depth of installation,<\/li>\n<li><i class=\"fa-li fa fa-check-circle\"><\/i>Window frame width: 88mm. Window sash width: 88mm,<\/li>\n<li><i class=\"fa-li fa fa-check-circle\"><\/i>Thermal insulation profile, Uf = from 0.95 W \/ m<sup>2<\/sup>K,<\/li>\n<li><i class=\"fa-li fa fa-check-circle\"><\/i>Excellent thermal insulation values:  Uw value up to 0.72 W \/ (m2K),<\/li>\n<li><i class=\"fa-li fa fa-check-circle\"><\/i>Suitable for passive houses, in accordance with IFT Guideline WA-15\/2,<\/li>\n<li><i class=\"fa-li fa fa-check-circle\"><\/i>Durable and easy to clean,\n<li><i class=\"fa-li fa fa-check-circle\"><\/i>Classic white PVC, possible with foil in wooden or metal shades,<\/li>\n<li><i class=\"fa-li fa fa-check-circle\"><\/i>The new high resolution meets the energy-saving requirements for thermal insulation of passive houses,<\/li>\n<\/ul>\n<p>[\/vc_column_text][\/vc_column][vc_column width=&#8221;1\/6&#8243;][\/vc_column][\/vc_row][vc_row css=&#8221;.vc_custom_1540510816089{padding-top: 40px !important;padding-bottom: 40px !important;}&#8221;][vc_column width=&#8221;1\/2&#8243;][vc_single_image image=&#8221;198&#8243; img_size=&#8221;full&#8221; alignment=&#8221;center&#8221; style=&#8221;vc_box_shadow&#8221;][\/vc_column][vc_column width=&#8221;1\/2&#8243;]<div id=\"ultimate-heading-816169e13ea943ed3\" class=\"uvc-heading ult-adjust-bottom-margin ultimate-heading-816169e13ea943ed3 uvc-9272 \" data-hspacer=\"no_spacer\"  data-halign=\"left\" style=\"text-align:left\"><div class=\"uvc-heading-spacer no_spacer\" style=\"top\"><\/div><div class=\"uvc-main-heading ult-responsive\"  data-ultimate-target='.uvc-heading.ultimate-heading-816169e13ea943ed3 h2'  data-responsive-json-new='{\"font-size\":\"\",\"line-height\":\"\"}' ><h2 style=\"font-weight:normal;margin-bottom:20px;\">Bayer 88 Premium window fittings<\/h2><\/div><\/div>[vc_column_text]<strong>The functionality and security of the windows are decisively influenced by the fittings.<\/strong><\/p>\n<p>In the manufacture of PVC windows, we use top-quality ActivPilot fittings, made by the German manufacturer WinkHaus, which provides high-security protection. The system is designed so that it can be easily upgraded in accordance with your individual safety requirements for your home and family.<\/p>\n<p>Excellent 3-level sealing keeps out draft, dust, and rain and ensures optimum thermal insulation.<\/p>\n<p>All of our windows contain:<\/p>\n<ul>\n<li>multi-stage ventilation adapters that allow window sills to tilt at different angles,<\/li>\n<li>an additional element for the wing positioning and preventing an incorrect opening,<\/li>\n<li>a safety system, which prevents the forced raising of the wing when the window is closed and powder-coated aluminum hook<\/li>\n<\/ul>\n<p>[\/vc_column_text][vc_btn title=&#8221;Read more about window fittings&#8221; style=&#8221;flat&#8221; shape=&#8221;square&#8221; align=&#8221;left&#8221; css_animation=&#8221;fadeInDown&#8221; link=&#8221;url:%2F%3Fpage_id%3D511|title:Window%20fittings|&#8221;][\/vc_column][\/vc_row][vc_row content_placement=&#8221;middle&#8221; bg_type=&#8221;image&#8221; parallax_style=&#8221;vcpb-default&#8221; bg_image_new=&#8221;id^186|url^https:\/\/www.roletarstvo-bayer.si\/wp-content\/uploads\/steklitev-pvc-okna-88.jpg|caption^null|alt^null|title^steklitev-pvc-okna-88|description^null&#8221; bg_image_repeat=&#8221;no-repeat&#8221; bg_image_posiiton=&#8221;top center&#8221; bg_override=&#8221;full&#8221; css=&#8221;.vc_custom_1540510785057{padding-top: 100px !important;padding-bottom: 100px !important;}&#8221;][vc_column width=&#8221;2\/3&#8243;][\/vc_column][vc_column width=&#8221;1\/3&#8243; css=&#8221;.vc_custom_1540510607613{padding-right: 40px !important;padding-left: 40px !important;background-color: #ffffff !important;}&#8221;]<div id=\"ultimate-heading-354069e13ea943f10\" class=\"uvc-heading ult-adjust-bottom-margin ultimate-heading-354069e13ea943f10 uvc-335 \" data-hspacer=\"no_spacer\"  data-halign=\"center\" style=\"text-align:center\"><div class=\"uvc-heading-spacer no_spacer\" style=\"top\"><\/div><div class=\"uvc-main-heading ult-responsive\"  data-ultimate-target='.uvc-heading.ultimate-heading-354069e13ea943f10 h2'  data-responsive-json-new='{\"font-size\":\"\",\"line-height\":\"\"}' ><h2 style=\"font-weight:normal;margin-bottom:20px;\">Window glazing<\/h2><\/div><\/div>[vc_column_text]The Bayer window offers excellent sound insulation with a 7-chamber technology with a large reinforcement chamber in the profile, innovative sealing technology, sound-insulating glazing, and professional installation.<\/p>\n<p>Modern three-layer glazing or functional glass with a thickness of up to 56mm ensure the highest degree of sound insulation.  This way you can enjoy your home in peace.[\/vc_column_text][vc_btn title=&#8221;Read more about window glazing&#8221; style=&#8221;flat&#8221; shape=&#8221;square&#8221; align=&#8221;left&#8221; css_animation=&#8221;fadeInDown&#8221; link=&#8221;url:%2F%3Fpage_id%3D512|title:Window%20glazing|&#8221;][\/vc_column][\/vc_row][vc_row css=&#8221;.vc_custom_1540511430588{padding-top: 30px !important;padding-bottom: 30px !important;}&#8221;][vc_column width=&#8221;1\/2&#8243;][vc_single_image image=&#8221;190&#8243; img_size=&#8221;full&#8221;][\/vc_column][vc_column width=&#8221;1\/2&#8243;][vc_column_text]<\/p>\n<h2>Colours<\/h2>\n<p>You can choose between many window colours, as well as among various wooden decors. To choose the colours, we use the RAL scale.<\/p>\n<h3>Irish Oak &#8211; a new window colour<\/h3>\n<p>If the standard window colour palette on the Slovenian market is not enough and you want something more, then take a looks at the BAYER PVC windows in the new IRISH OAK colour.  These windows will definitely not leave you indifferent, because the IRISH OAK colour is the best approximation to the wooden window.[\/vc_column_text][\/vc_column][\/vc_row][vc_row bg_type=&#8221;bg_color&#8221; bg_override=&#8221;ex-full&#8221; css=&#8221;.vc_custom_1540511259226{margin-top: 20px !important;padding-top: 20px !important;padding-bottom: 20px !important;}&#8221; bg_color_value=&#8221;#ededed&#8221;][vc_column width=&#8221;1\/2&#8243;]<div class=\"aio-icon-component    style_1\"><div id=\"Info-box-wrap-5743\" class=\"aio-icon-box default-icon\" style=\"\"  ><div class=\"aio-icon-default\"><div class=\"ult-just-icon-wrapper  \"><div class=\"align-icon\" style=\"text-align:center;\">\n<div class=\"aio-icon circle \" data-animation=\"fadeInLeft\" data-animation-delay=\"03\" style=\"color:#333;background:#f8ab50;font-size:32px;display:inline-block;\">\n\t<i class=\"Defaults-check\"><\/i>\n<\/div><\/div><\/div><\/div><div class=\"aio-icon-header\" ><h3 class=\"aio-icon-title ult-responsive\"  data-ultimate-target='#Info-box-wrap-5743 .aio-icon-title'  data-responsive-json-new='{\"font-size\":\"\",\"line-height\":\"\"}'  style=\"\">10-year-warranty on the weld strength, profile stability in all colours and wood decors, as well as the fittings.<\/h3><\/div> <!-- header --><div class=\"aio-icon-description ult-responsive\"  data-ultimate-target='#Info-box-wrap-5743 .aio-icon-description'  data-responsive-json-new='{\"font-size\":\"\",\"line-height\":\"\"}'  style=\"\"><a style=\"font-size: 12px;\" href=\"https:\/\/www.roletarstvo-bayer.si\/pogosta-vprasanja\/#garancija\">Ve\u010d o garanciji oken preberite tukaj.<\/a><\/div> <!-- description --><\/div> <!-- aio-icon-box --><\/div> <!-- aio-icon-component -->[\/vc_column][vc_column width=&#8221;1\/2&#8243;]<div class=\"aio-icon-component    style_1\"><div id=\"Info-box-wrap-9298\" class=\"aio-icon-box default-icon\" style=\"\"  ><div class=\"aio-icon-default\"><div class=\"ult-just-icon-wrapper  \"><div class=\"align-icon\" style=\"text-align:center;\">\n<div class=\"aio-icon circle \" data-animation=\"fadeInLeft\" data-animation-delay=\"03\" style=\"color:#333;background:#f8ab50;font-size:32px;display:inline-block;\">\n\t<i class=\"Defaults-check\"><\/i>\n<\/div><\/div><\/div><\/div><div class=\"aio-icon-header\" ><h3 class=\"aio-icon-title ult-responsive\"  data-ultimate-target='#Info-box-wrap-9298 .aio-icon-title'  data-responsive-json-new='{\"font-size\":\"\",\"line-height\":\"\"}'  style=\"\">5-year-warranty on the gas-filled glazing.<\/h3><\/div> <!-- header --><\/div> <!-- aio-icon-box --><\/div> <!-- aio-icon-component -->[\/vc_column][\/vc_row]<\/p>\n","protected":false},"excerpt":{"rendered":"<p>[vc_row equal_height=&#8221;yes&#8221; content_placement=&#8221;middle&#8221;][vc_column width=&#8221;1\/2&#8243;][vc_single_image image=&#8221;142&#8243; img_size=&#8221;full&#8221; alignment=&#8221;center&#8221; lazy_loading=&#8221;true&#8221;][\/vc_column][vc_column width=&#8221;1\/2&#8243;][vc_column_text]The Bayer 88 windows represent a cutting-edge product that meets all the requirements of modern facilities. If you want something unique and cost-effective, choose an innovative window of the future, that offers high sound and thermal insulation, and exceptional security in a sleek design that fits your&hellip;<\/p>\n","protected":false},"author":1,"featured_media":0,"parent":842,"menu_order":0,"comment_status":"closed","ping_status":"closed","template":"","meta":[],"class_list":["post-844","page","type-page","status-publish","hentry","description-off"],"yoast_head":"<!-- This site is optimized with the Yoast SEO plugin v23.4 - https:\/\/yoast.com\/wordpress\/plugins\/seo\/ -->\n<title>Windows Bayer 88 Premium - Roletarstvo Bayer<\/title>\n<meta name=\"description\" content=\"The PVC Window Bayer 88 windows represent a cutting-edge product that meets all the requirements of modern facilities.\" \/>\n<meta name=\"robots\" content=\"index, follow, max-snippet:-1, max-image-preview:large, max-video-preview:-1\" \/>\n<link rel=\"canonical\" href=\"https:\/\/www.roletarstvo-bayer.si\/en\/windows\/windows-bayer-88-premium\/\" \/>\n<meta property=\"og:locale\" content=\"en_US\" \/>\n<meta property=\"og:type\" content=\"article\" \/>\n<meta property=\"og:title\" content=\"Windows Bayer 88 Premium - Roletarstvo Bayer\" \/>\n<meta property=\"og:description\" content=\"The PVC Window Bayer 88 windows represent a cutting-edge product that meets all the requirements of modern facilities.\" \/>\n<meta property=\"og:url\" content=\"https:\/\/www.roletarstvo-bayer.si\/en\/windows\/windows-bayer-88-premium\/\" \/>\n<meta property=\"og:site_name\" content=\"Roletarstvo Bayer\" \/>\n<meta property=\"article:modified_time\" content=\"2019-07-16T11:06:32+00:00\" \/>\n<meta name=\"twitter:card\" content=\"summary_large_image\" \/>\n<meta name=\"twitter:label1\" content=\"Est. reading time\" \/>\n\t<meta name=\"twitter:data1\" content=\"5 minutes\" \/>\n<script type=\"application\/ld+json\" class=\"yoast-schema-graph\">{\"@context\":\"https:\/\/schema.org\",\"@graph\":[{\"@type\":\"WebPage\",\"@id\":\"https:\/\/www.roletarstvo-bayer.si\/en\/windows\/windows-bayer-88-premium\/\",\"url\":\"https:\/\/www.roletarstvo-bayer.si\/en\/windows\/windows-bayer-88-premium\/\",\"name\":\"Windows Bayer 88 Premium - Roletarstvo Bayer\",\"isPartOf\":{\"@id\":\"https:\/\/www.roletarstvo-bayer.si\/en\/#website\"},\"datePublished\":\"2019-07-16T11:06:28+00:00\",\"dateModified\":\"2019-07-16T11:06:32+00:00\",\"description\":\"The PVC Window Bayer 88 windows represent a cutting-edge product that meets all the requirements of modern facilities.\",\"breadcrumb\":{\"@id\":\"https:\/\/www.roletarstvo-bayer.si\/en\/windows\/windows-bayer-88-premium\/#breadcrumb\"},\"inLanguage\":\"en-US\",\"potentialAction\":[{\"@type\":\"ReadAction\",\"target\":[\"https:\/\/www.roletarstvo-bayer.si\/en\/windows\/windows-bayer-88-premium\/\"]}]},{\"@type\":\"BreadcrumbList\",\"@id\":\"https:\/\/www.roletarstvo-bayer.si\/en\/windows\/windows-bayer-88-premium\/#breadcrumb\",\"itemListElement\":[{\"@type\":\"ListItem\",\"position\":1,\"name\":\"Home\",\"item\":\"https:\/\/www.roletarstvo-bayer.si\/en\/\"},{\"@type\":\"ListItem\",\"position\":2,\"name\":\"Windows\",\"item\":\"https:\/\/www.roletarstvo-bayer.si\/en\/windows\/\"},{\"@type\":\"ListItem\",\"position\":3,\"name\":\"Windows Bayer 88 Premium\"}]},{\"@type\":\"WebSite\",\"@id\":\"https:\/\/www.roletarstvo-bayer.si\/en\/#website\",\"url\":\"https:\/\/www.roletarstvo-bayer.si\/en\/\",\"name\":\"Roletarstvo Bayer\",\"description\":\"\u0160e eno spleti\u0161\u010de WordPress\",\"potentialAction\":[{\"@type\":\"SearchAction\",\"target\":{\"@type\":\"EntryPoint\",\"urlTemplate\":\"https:\/\/www.roletarstvo-bayer.si\/en\/?s={search_term_string}\"},\"query-input\":{\"@type\":\"PropertyValueSpecification\",\"valueRequired\":true,\"valueName\":\"search_term_string\"}}],\"inLanguage\":\"en-US\"}]}<\/script>\n<!-- \/ Yoast SEO plugin. -->","yoast_head_json":{"title":"Windows Bayer 88 Premium - Roletarstvo Bayer","description":"The PVC Window Bayer 88 windows represent a cutting-edge product that meets all the requirements of modern facilities.","robots":{"index":"index","follow":"follow","max-snippet":"max-snippet:-1","max-image-preview":"max-image-preview:large","max-video-preview":"max-video-preview:-1"},"canonical":"https:\/\/www.roletarstvo-bayer.si\/en\/windows\/windows-bayer-88-premium\/","og_locale":"en_US","og_type":"article","og_title":"Windows Bayer 88 Premium - Roletarstvo Bayer","og_description":"The PVC Window Bayer 88 windows represent a cutting-edge product that meets all the requirements of modern facilities.","og_url":"https:\/\/www.roletarstvo-bayer.si\/en\/windows\/windows-bayer-88-premium\/","og_site_name":"Roletarstvo Bayer","article_modified_time":"2019-07-16T11:06:32+00:00","twitter_card":"summary_large_image","twitter_misc":{"Est. reading time":"5 minutes"},"schema":{"@context":"https:\/\/schema.org","@graph":[{"@type":"WebPage","@id":"https:\/\/www.roletarstvo-bayer.si\/en\/windows\/windows-bayer-88-premium\/","url":"https:\/\/www.roletarstvo-bayer.si\/en\/windows\/windows-bayer-88-premium\/","name":"Windows Bayer 88 Premium - Roletarstvo Bayer","isPartOf":{"@id":"https:\/\/www.roletarstvo-bayer.si\/en\/#website"},"datePublished":"2019-07-16T11:06:28+00:00","dateModified":"2019-07-16T11:06:32+00:00","description":"The PVC Window Bayer 88 windows represent a cutting-edge product that meets all the requirements of modern facilities.","breadcrumb":{"@id":"https:\/\/www.roletarstvo-bayer.si\/en\/windows\/windows-bayer-88-premium\/#breadcrumb"},"inLanguage":"en-US","potentialAction":[{"@type":"ReadAction","target":["https:\/\/www.roletarstvo-bayer.si\/en\/windows\/windows-bayer-88-premium\/"]}]},{"@type":"BreadcrumbList","@id":"https:\/\/www.roletarstvo-bayer.si\/en\/windows\/windows-bayer-88-premium\/#breadcrumb","itemListElement":[{"@type":"ListItem","position":1,"name":"Home","item":"https:\/\/www.roletarstvo-bayer.si\/en\/"},{"@type":"ListItem","position":2,"name":"Windows","item":"https:\/\/www.roletarstvo-bayer.si\/en\/windows\/"},{"@type":"ListItem","position":3,"name":"Windows Bayer 88 Premium"}]},{"@type":"WebSite","@id":"https:\/\/www.roletarstvo-bayer.si\/en\/#website","url":"https:\/\/www.roletarstvo-bayer.si\/en\/","name":"Roletarstvo Bayer","description":"\u0160e eno spleti\u0161\u010de WordPress","potentialAction":[{"@type":"SearchAction","target":{"@type":"EntryPoint","urlTemplate":"https:\/\/www.roletarstvo-bayer.si\/en\/?s={search_term_string}"},"query-input":{"@type":"PropertyValueSpecification","valueRequired":true,"valueName":"search_term_string"}}],"inLanguage":"en-US"}]}},"_links":{"self":[{"href":"https:\/\/www.roletarstvo-bayer.si\/en\/wp-json\/wp\/v2\/pages\/844"}],"collection":[{"href":"https:\/\/www.roletarstvo-bayer.si\/en\/wp-json\/wp\/v2\/pages"}],"about":[{"href":"https:\/\/www.roletarstvo-bayer.si\/en\/wp-json\/wp\/v2\/types\/page"}],"author":[{"embeddable":true,"href":"https:\/\/www.roletarstvo-bayer.si\/en\/wp-json\/wp\/v2\/users\/1"}],"replies":[{"embeddable":true,"href":"https:\/\/www.roletarstvo-bayer.si\/en\/wp-json\/wp\/v2\/comments?post=844"}],"version-history":[{"count":1,"href":"https:\/\/www.roletarstvo-bayer.si\/en\/wp-json\/wp\/v2\/pages\/844\/revisions"}],"predecessor-version":[{"id":845,"href":"https:\/\/www.roletarstvo-bayer.si\/en\/wp-json\/wp\/v2\/pages\/844\/revisions\/845"}],"up":[{"embeddable":true,"href":"https:\/\/www.roletarstvo-bayer.si\/en\/wp-json\/wp\/v2\/pages\/842"}],"wp:attachment":[{"href":"https:\/\/www.roletarstvo-bayer.si\/en\/wp-json\/wp\/v2\/media?parent=844"}],"curies":[{"name":"wp","href":"https:\/\/api.w.org\/{rel}","templated":true}]}}