{"id":856,"date":"2019-07-16T18:02:33","date_gmt":"2019-07-16T17:02:33","guid":{"rendered":"http:\/\/http:\/\/www.roletarstvo-bayer.si\/windows\/windows-bayer-88-aluclip\/"},"modified":"2019-07-16T18:02:37","modified_gmt":"2019-07-16T17:02:37","slug":"windows-bayer-88-aluclip","status":"publish","type":"page","link":"https:\/\/www.roletarstvo-bayer.si\/en\/windows\/windows-bayer-88-aluclip\/","title":{"rendered":"Windows Bayer 88 AluClip"},"content":{"rendered":"<p>[vc_row equal_height=&#8221;yes&#8221; content_placement=&#8221;middle&#8221;][vc_column width=&#8221;1\/2&#8243;][vc_single_image image=&#8221;222&#8243; img_size=&#8221;full&#8221; alignment=&#8221;center&#8221; lazy_loading=&#8221;true&#8221;][\/vc_column][vc_column width=&#8221;1\/2&#8243;][vc_column_text]<strong>Modern PVC-U window system, with a combination of PVC and aluminium materials combined with the technology of the.<\/strong><\/p>\n<p>These PVC-U profiles offer optimum thermal and acoustic insulation as well as durable functional reliability. Additionally, aluminium cover offers exceptional elegance and very high weather resistance.<\/p>\n<p>Allow yourself to be convinced by the safe AluClip window systems that give your home a unique character.[\/vc_column_text][\/vc_column][\/vc_row][vc_row equal_height=&#8221;yes&#8221; content_placement=&#8221;middle&#8221; bg_type=&#8221;image&#8221; parallax_style=&#8221;vcpb-default&#8221; bg_image_new=&#8221;id^636|url^https:\/\/www.roletarstvo-bayer.si\/wp-content\/uploads\/zakaj-izbrati-pvc-okna-aluclip-bayer.jpg|caption^null|alt^null|title^zakaj-izbrati-pvc-okna-aluclip-bayer|description^null&#8221; bg_image_repeat=&#8221;no-repeat&#8221; bg_override=&#8221;ex-full&#8221; css=&#8221;.vc_custom_1561635177564{padding-top: 100px !important;padding-bottom: 100px !important;}&#8221;][vc_column width=&#8221;1\/6&#8243;][\/vc_column][vc_column width=&#8221;2\/3&#8243; css=&#8221;.vc_custom_1540508893033{padding-top: 25px !important;padding-right: 25px !important;padding-bottom: 25px !important;padding-left: 25px !important;background-color: rgba(255,255,255,0.89) !important;*background-color: rgb(255,255,255) !important;}&#8221;]<div id=\"ultimate-heading-772769e64d11b1e0f\" class=\"uvc-heading ult-adjust-bottom-margin ultimate-heading-772769e64d11b1e0f uvc-2878 \" data-hspacer=\"no_spacer\"  data-halign=\"center\" style=\"text-align:center\"><div class=\"uvc-heading-spacer no_spacer\" style=\"top\"><\/div><div class=\"uvc-main-heading ult-responsive\"  data-ultimate-target='.uvc-heading.ultimate-heading-772769e64d11b1e0f h2'  data-responsive-json-new='{\"font-size\":\"\",\"line-height\":\"\"}' ><h2 style=\"font-weight:normal;margin-bottom:20px;\">Advantages of Bayer 88 AluClip PVC windows<\/h2><\/div><\/div>[vc_column_text]<\/p>\n<ul class=\"fa-ul ul-prednosti\">\n<li><i class=\"fa-li fa fa-check-circle\"><\/i>High-quality 7-chamber sealing system.<\/li>\n<li><i class=\"fa-li fa fa-check-circle\"><\/i>PVC profile with aluminium lining.<\/li>\n<li><i class=\"fa-li fa fa-check-circle\"><\/i>The installation depth is 88 mm.<\/li>\n<li><i class=\"fa-li fa fa-check-circle\"><\/i>Window frame width: 93.5mm. Window sash width: 90mm.<\/li>\n<li><i class=\"fa-li fa fa-check-circle\"><\/i>Thermal insulation Uf = from 0,972K<\/li>\n<li><i class=\"fa-li fa fa-check-circle\"><\/i>Aluminium linings are setting new standards, with an outstanding value of Uf 1.0 W \/ (m\u00b2K).<\/li>\n<li><i class=\"fa-li fa fa-check-circle\"><\/i>The aluminium exterior, and a neutral white interior.<\/li>\n<li><i class=\"fa-li fa fa-check-circle\"><\/i>Unlimited choice of the colours of aluminium linings.<\/li>\n<li><i class=\"fa-li fa fa-check-circle\"><\/i>Easy to clean, durable and robust.<\/li>\n<li><i class=\"fa-li fa fa-check-circle\"><\/i>All PVC-U profiles are made with stabilizers, lead-free based on calcium and zinc.<\/li>\n<\/ul>\n<p>[\/vc_column_text][\/vc_column][vc_column width=&#8221;1\/6&#8243;][\/vc_column][\/vc_row][vc_row css=&#8221;.vc_custom_1540510816089{padding-top: 40px !important;padding-bottom: 40px !important;}&#8221;][vc_column width=&#8221;1\/2&#8243;][vc_single_image image=&#8221;230&#8243; img_size=&#8221;full&#8221; alignment=&#8221;center&#8221; style=&#8221;vc_box_shadow&#8221;][\/vc_column][vc_column width=&#8221;1\/2&#8243;]<div id=\"ultimate-heading-587669e64d11b1e7d\" class=\"uvc-heading ult-adjust-bottom-margin ultimate-heading-587669e64d11b1e7d uvc-2474 \" data-hspacer=\"no_spacer\"  data-halign=\"left\" style=\"text-align:left\"><div class=\"uvc-heading-spacer no_spacer\" style=\"top\"><\/div><div class=\"uvc-main-heading ult-responsive\"  data-ultimate-target='.uvc-heading.ultimate-heading-587669e64d11b1e7d h2'  data-responsive-json-new='{\"font-size\":\"\",\"line-height\":\"\"}' ><h2 style=\"font-weight:normal;margin-bottom:20px;\">Bayer 88 AluClip window fittings<\/h2><\/div><\/div>[vc_column_text]The latest multi-stage fittings that make it easy to adjust. It offers 4 seals, with an additional seal under the glass, with a 10-year warranty period. It effectively protects your home with an anti-theft system that meets all your security requirements.<\/p>\n<p>All of our windows contain:<\/p>\n<ul>\n<li>multi-stage ventilation adapters that allow window sills to tilt at different angles,<\/li>\n<li>an additional element for the wing positioning and preventing an incorrect opening,<\/li>\n<li>a safety system, which prevents the forced raising of the wing when the window is closed and powder-coated aluminium hook<\/li>\n<\/ul>\n<p>In the manufacture of PVC windows we use top-quality ActivPilot fittings, made by the German manufacturer WinkHaus, which provides high-security protection.[\/vc_column_text][vc_btn title=&#8221;Read more about window fittings&#8221; style=&#8221;flat&#8221; shape=&#8221;square&#8221; align=&#8221;left&#8221; css_animation=&#8221;fadeInDown&#8221; link=&#8221;url:%2F%3Fpage_id%3D511|title:Window%20fittings|&#8221;][\/vc_column][\/vc_row][vc_row content_placement=&#8221;middle&#8221; bg_type=&#8221;image&#8221; parallax_style=&#8221;vcpb-default&#8221; bg_image_new=&#8221;id^226|url^https:\/\/www.roletarstvo-bayer.si\/wp-content\/uploads\/zasteklitev-aluclip.jpg|caption^null|alt^zasteklitev oken bayer aluclip|title^zasteklitev-aluclip|description^null&#8221; bg_image_repeat=&#8221;no-repeat&#8221; bg_image_posiiton=&#8221;bottom center&#8221; bg_override=&#8221;full&#8221; css=&#8221;.vc_custom_1541702024251{padding-top: 150px !important;padding-bottom: 150px !important;}&#8221;][vc_column width=&#8221;2\/3&#8243;][\/vc_column][vc_column width=&#8221;1\/3&#8243; css=&#8221;.vc_custom_1540510607613{padding-right: 40px !important;padding-left: 40px !important;background-color: #ffffff !important;}&#8221;]<div id=\"ultimate-heading-718369e64d11b1ecb\" class=\"uvc-heading ult-adjust-bottom-margin ultimate-heading-718369e64d11b1ecb uvc-9011 \" data-hspacer=\"no_spacer\"  data-halign=\"center\" style=\"text-align:center\"><div class=\"uvc-heading-spacer no_spacer\" style=\"top\"><\/div><div class=\"uvc-main-heading ult-responsive\"  data-ultimate-target='.uvc-heading.ultimate-heading-718369e64d11b1ecb h2'  data-responsive-json-new='{\"font-size\":\"\",\"line-height\":\"\"}' ><h2 style=\"font-weight:normal;margin-bottom:20px;\">Window glazing<\/h2><\/div><\/div>[vc_column_text]Light is an important factor in living, and the Bayer AluClip windows offer high-tech window profiles that create bright, friendly working and living spaces.<\/p>\n<p>Modern glazing offers an elegant, flat design of three-layer glazing, special functional glass or panels with a thickness of up to 56mm.<\/p>\n<p>With excellent sealing properties, they meet the highest energy requirements while providing a pleasant silence when you need it.<br \/>\n[\/vc_column_text][vc_btn title=&#8221;Read more about window glazing&#8221; style=&#8221;flat&#8221; shape=&#8221;square&#8221; align=&#8221;left&#8221; css_animation=&#8221;fadeInDown&#8221; link=&#8221;url:%2F%3Fpage_id%3D512|title:Window%20glazing|&#8221;][\/vc_column][\/vc_row][vc_row css=&#8221;.vc_custom_1540511430588{padding-top: 30px !important;padding-bottom: 30px !important;}&#8221;][vc_column width=&#8221;1\/2&#8243;][vc_single_image image=&#8221;638&#8243; img_size=&#8221;full&#8221;][\/vc_column][vc_column width=&#8221;1\/2&#8243;][vc_column_text]<\/p>\n<h2>Colours<\/h2>\n<p>You can choose between many window colours, as well as among various wooden decors. To choose the colours, we use the RAL scale.<\/p>\n<p>Irish Oak &#8211; a new window colour<br \/>\nIf the standard window colour palette on the Slovenian market is not enough and you want something more, then take a looks at the BAYER PVC windows in the new IRISH OAK colour.  These windows will definitely not leave you indifferent, because the IRISH OAK colour is the best approximation to the wooden window.[\/vc_column_text][\/vc_column][\/vc_row][vc_row bg_type=&#8221;bg_color&#8221; bg_override=&#8221;ex-full&#8221; css=&#8221;.vc_custom_1540511259226{margin-top: 20px !important;padding-top: 20px !important;padding-bottom: 20px !important;}&#8221; bg_color_value=&#8221;#ededed&#8221;][vc_column width=&#8221;1\/2&#8243;]<div class=\"aio-icon-component    style_1\"><div id=\"Info-box-wrap-2894\" class=\"aio-icon-box default-icon\" style=\"\"  ><div class=\"aio-icon-default\"><div class=\"ult-just-icon-wrapper  \"><div class=\"align-icon\" style=\"text-align:center;\">\n<div class=\"aio-icon circle \" data-animation=\"fadeInLeft\" data-animation-delay=\"03\" style=\"color:#333;background:#f8ab50;font-size:32px;display:inline-block;\">\n\t<i class=\"Defaults-check\"><\/i>\n<\/div><\/div><\/div><\/div><div class=\"aio-icon-header\" ><h3 class=\"aio-icon-title ult-responsive\"  data-ultimate-target='#Info-box-wrap-2894 .aio-icon-title'  data-responsive-json-new='{\"font-size\":\"\",\"line-height\":\"\"}'  style=\"\">10-year-warranty on the weld strength, profile stability in all colours and wood decors, as well as the fittings.<\/h3><\/div> <!-- header --><div class=\"aio-icon-description ult-responsive\"  data-ultimate-target='#Info-box-wrap-2894 .aio-icon-description'  data-responsive-json-new='{\"font-size\":\"\",\"line-height\":\"\"}'  style=\"\"><a style=\"font-size: 12px;\" href=\"https:\/\/www.roletarstvo-bayer.si\/pogosta-vprasanja\/#garancija\">Ve\u010d o garanciji oken preberite tukaj.<\/a><\/div> <!-- description --><\/div> <!-- aio-icon-box --><\/div> <!-- aio-icon-component -->[\/vc_column][vc_column width=&#8221;1\/2&#8243;]<div class=\"aio-icon-component    style_1\"><div id=\"Info-box-wrap-4735\" class=\"aio-icon-box default-icon\" style=\"\"  ><div class=\"aio-icon-default\"><div class=\"ult-just-icon-wrapper  \"><div class=\"align-icon\" style=\"text-align:center;\">\n<div class=\"aio-icon circle \" data-animation=\"fadeInLeft\" data-animation-delay=\"03\" style=\"color:#333;background:#f8ab50;font-size:32px;display:inline-block;\">\n\t<i class=\"Defaults-check\"><\/i>\n<\/div><\/div><\/div><\/div><div class=\"aio-icon-header\" ><h3 class=\"aio-icon-title ult-responsive\"  data-ultimate-target='#Info-box-wrap-4735 .aio-icon-title'  data-responsive-json-new='{\"font-size\":\"\",\"line-height\":\"\"}'  style=\"\">5-year-warranty on the gas-filled glazing.<\/h3><\/div> <!-- header --><\/div> <!-- aio-icon-box --><\/div> <!-- aio-icon-component -->[\/vc_column][\/vc_row]<\/p>\n","protected":false},"excerpt":{"rendered":"<p>[vc_row equal_height=&#8221;yes&#8221; content_placement=&#8221;middle&#8221;][vc_column width=&#8221;1\/2&#8243;][vc_single_image image=&#8221;222&#8243; img_size=&#8221;full&#8221; alignment=&#8221;center&#8221; lazy_loading=&#8221;true&#8221;][\/vc_column][vc_column width=&#8221;1\/2&#8243;][vc_column_text]Modern PVC-U window system, with a combination of PVC and aluminium materials combined with the technology of the. These PVC-U profiles offer optimum thermal and acoustic insulation as well as durable functional reliability. Additionally, aluminium cover offers exceptional elegance and very high weather resistance. Allow yourself to&hellip;<\/p>\n","protected":false},"author":1,"featured_media":0,"parent":842,"menu_order":0,"comment_status":"closed","ping_status":"closed","template":"","meta":[],"class_list":["post-856","page","type-page","status-publish","hentry","description-off"],"yoast_head":"<!-- This site is optimized with the Yoast SEO plugin v23.4 - https:\/\/yoast.com\/wordpress\/plugins\/seo\/ -->\n<title>Windows Bayer 88 AluClip - Roletarstvo Bayer<\/title>\n<meta name=\"robots\" content=\"index, follow, max-snippet:-1, max-image-preview:large, max-video-preview:-1\" \/>\n<link rel=\"canonical\" href=\"https:\/\/www.roletarstvo-bayer.si\/en\/windows\/windows-bayer-88-aluclip\/\" \/>\n<meta property=\"og:locale\" content=\"en_US\" \/>\n<meta property=\"og:type\" content=\"article\" \/>\n<meta property=\"og:title\" content=\"Windows Bayer 88 AluClip - Roletarstvo Bayer\" \/>\n<meta property=\"og:description\" content=\"[vc_row equal_height=&#8221;yes&#8221; content_placement=&#8221;middle&#8221;][vc_column width=&#8221;1\/2&#8243;][vc_single_image image=&#8221;222&#8243; img_size=&#8221;full&#8221; alignment=&#8221;center&#8221; lazy_loading=&#8221;true&#8221;][\/vc_column][vc_column width=&#8221;1\/2&#8243;][vc_column_text]Modern PVC-U window system, with a combination of PVC and aluminium materials combined with the technology of the. These PVC-U profiles offer optimum thermal and acoustic insulation as well as durable functional reliability. Additionally, aluminium cover offers exceptional elegance and very high weather resistance. Allow yourself to&hellip;\" \/>\n<meta property=\"og:url\" content=\"https:\/\/www.roletarstvo-bayer.si\/en\/windows\/windows-bayer-88-aluclip\/\" \/>\n<meta property=\"og:site_name\" content=\"Roletarstvo Bayer\" \/>\n<meta property=\"article:modified_time\" content=\"2019-07-16T17:02:37+00:00\" \/>\n<meta name=\"twitter:card\" content=\"summary_large_image\" \/>\n<meta name=\"twitter:label1\" content=\"Est. reading time\" \/>\n\t<meta name=\"twitter:data1\" content=\"4 minutes\" \/>\n<script type=\"application\/ld+json\" class=\"yoast-schema-graph\">{\"@context\":\"https:\/\/schema.org\",\"@graph\":[{\"@type\":\"WebPage\",\"@id\":\"https:\/\/www.roletarstvo-bayer.si\/en\/windows\/windows-bayer-88-aluclip\/\",\"url\":\"https:\/\/www.roletarstvo-bayer.si\/en\/windows\/windows-bayer-88-aluclip\/\",\"name\":\"Windows Bayer 88 AluClip - Roletarstvo Bayer\",\"isPartOf\":{\"@id\":\"https:\/\/www.roletarstvo-bayer.si\/en\/#website\"},\"datePublished\":\"2019-07-16T17:02:33+00:00\",\"dateModified\":\"2019-07-16T17:02:37+00:00\",\"breadcrumb\":{\"@id\":\"https:\/\/www.roletarstvo-bayer.si\/en\/windows\/windows-bayer-88-aluclip\/#breadcrumb\"},\"inLanguage\":\"en-US\",\"potentialAction\":[{\"@type\":\"ReadAction\",\"target\":[\"https:\/\/www.roletarstvo-bayer.si\/en\/windows\/windows-bayer-88-aluclip\/\"]}]},{\"@type\":\"BreadcrumbList\",\"@id\":\"https:\/\/www.roletarstvo-bayer.si\/en\/windows\/windows-bayer-88-aluclip\/#breadcrumb\",\"itemListElement\":[{\"@type\":\"ListItem\",\"position\":1,\"name\":\"Home\",\"item\":\"https:\/\/www.roletarstvo-bayer.si\/en\/\"},{\"@type\":\"ListItem\",\"position\":2,\"name\":\"Windows\",\"item\":\"https:\/\/www.roletarstvo-bayer.si\/en\/windows\/\"},{\"@type\":\"ListItem\",\"position\":3,\"name\":\"Windows Bayer 88 AluClip\"}]},{\"@type\":\"WebSite\",\"@id\":\"https:\/\/www.roletarstvo-bayer.si\/en\/#website\",\"url\":\"https:\/\/www.roletarstvo-bayer.si\/en\/\",\"name\":\"Roletarstvo Bayer\",\"description\":\"\u0160e eno spleti\u0161\u010de WordPress\",\"potentialAction\":[{\"@type\":\"SearchAction\",\"target\":{\"@type\":\"EntryPoint\",\"urlTemplate\":\"https:\/\/www.roletarstvo-bayer.si\/en\/?s={search_term_string}\"},\"query-input\":{\"@type\":\"PropertyValueSpecification\",\"valueRequired\":true,\"valueName\":\"search_term_string\"}}],\"inLanguage\":\"en-US\"}]}<\/script>\n<!-- \/ Yoast SEO plugin. -->","yoast_head_json":{"title":"Windows Bayer 88 AluClip - Roletarstvo Bayer","robots":{"index":"index","follow":"follow","max-snippet":"max-snippet:-1","max-image-preview":"max-image-preview:large","max-video-preview":"max-video-preview:-1"},"canonical":"https:\/\/www.roletarstvo-bayer.si\/en\/windows\/windows-bayer-88-aluclip\/","og_locale":"en_US","og_type":"article","og_title":"Windows Bayer 88 AluClip - Roletarstvo Bayer","og_description":"[vc_row equal_height=&#8221;yes&#8221; content_placement=&#8221;middle&#8221;][vc_column width=&#8221;1\/2&#8243;][vc_single_image image=&#8221;222&#8243; img_size=&#8221;full&#8221; alignment=&#8221;center&#8221; lazy_loading=&#8221;true&#8221;][\/vc_column][vc_column width=&#8221;1\/2&#8243;][vc_column_text]Modern PVC-U window system, with a combination of PVC and aluminium materials combined with the technology of the. These PVC-U profiles offer optimum thermal and acoustic insulation as well as durable functional reliability. Additionally, aluminium cover offers exceptional elegance and very high weather resistance. Allow yourself to&hellip;","og_url":"https:\/\/www.roletarstvo-bayer.si\/en\/windows\/windows-bayer-88-aluclip\/","og_site_name":"Roletarstvo Bayer","article_modified_time":"2019-07-16T17:02:37+00:00","twitter_card":"summary_large_image","twitter_misc":{"Est. reading time":"4 minutes"},"schema":{"@context":"https:\/\/schema.org","@graph":[{"@type":"WebPage","@id":"https:\/\/www.roletarstvo-bayer.si\/en\/windows\/windows-bayer-88-aluclip\/","url":"https:\/\/www.roletarstvo-bayer.si\/en\/windows\/windows-bayer-88-aluclip\/","name":"Windows Bayer 88 AluClip - Roletarstvo Bayer","isPartOf":{"@id":"https:\/\/www.roletarstvo-bayer.si\/en\/#website"},"datePublished":"2019-07-16T17:02:33+00:00","dateModified":"2019-07-16T17:02:37+00:00","breadcrumb":{"@id":"https:\/\/www.roletarstvo-bayer.si\/en\/windows\/windows-bayer-88-aluclip\/#breadcrumb"},"inLanguage":"en-US","potentialAction":[{"@type":"ReadAction","target":["https:\/\/www.roletarstvo-bayer.si\/en\/windows\/windows-bayer-88-aluclip\/"]}]},{"@type":"BreadcrumbList","@id":"https:\/\/www.roletarstvo-bayer.si\/en\/windows\/windows-bayer-88-aluclip\/#breadcrumb","itemListElement":[{"@type":"ListItem","position":1,"name":"Home","item":"https:\/\/www.roletarstvo-bayer.si\/en\/"},{"@type":"ListItem","position":2,"name":"Windows","item":"https:\/\/www.roletarstvo-bayer.si\/en\/windows\/"},{"@type":"ListItem","position":3,"name":"Windows Bayer 88 AluClip"}]},{"@type":"WebSite","@id":"https:\/\/www.roletarstvo-bayer.si\/en\/#website","url":"https:\/\/www.roletarstvo-bayer.si\/en\/","name":"Roletarstvo Bayer","description":"\u0160e eno spleti\u0161\u010de WordPress","potentialAction":[{"@type":"SearchAction","target":{"@type":"EntryPoint","urlTemplate":"https:\/\/www.roletarstvo-bayer.si\/en\/?s={search_term_string}"},"query-input":{"@type":"PropertyValueSpecification","valueRequired":true,"valueName":"search_term_string"}}],"inLanguage":"en-US"}]}},"_links":{"self":[{"href":"https:\/\/www.roletarstvo-bayer.si\/en\/wp-json\/wp\/v2\/pages\/856"}],"collection":[{"href":"https:\/\/www.roletarstvo-bayer.si\/en\/wp-json\/wp\/v2\/pages"}],"about":[{"href":"https:\/\/www.roletarstvo-bayer.si\/en\/wp-json\/wp\/v2\/types\/page"}],"author":[{"embeddable":true,"href":"https:\/\/www.roletarstvo-bayer.si\/en\/wp-json\/wp\/v2\/users\/1"}],"replies":[{"embeddable":true,"href":"https:\/\/www.roletarstvo-bayer.si\/en\/wp-json\/wp\/v2\/comments?post=856"}],"version-history":[{"count":1,"href":"https:\/\/www.roletarstvo-bayer.si\/en\/wp-json\/wp\/v2\/pages\/856\/revisions"}],"predecessor-version":[{"id":857,"href":"https:\/\/www.roletarstvo-bayer.si\/en\/wp-json\/wp\/v2\/pages\/856\/revisions\/857"}],"up":[{"embeddable":true,"href":"https:\/\/www.roletarstvo-bayer.si\/en\/wp-json\/wp\/v2\/pages\/842"}],"wp:attachment":[{"href":"https:\/\/www.roletarstvo-bayer.si\/en\/wp-json\/wp\/v2\/media?parent=856"}],"curies":[{"name":"wp","href":"https:\/\/api.w.org\/{rel}","templated":true}]}}