{"id":858,"date":"2019-07-16T18:08:12","date_gmt":"2019-07-16T17:08:12","guid":{"rendered":"http:\/\/http:\/\/www.roletarstvo-bayer.si\/windows\/windows-bayer-76-comfort\/"},"modified":"2019-07-16T18:08:16","modified_gmt":"2019-07-16T17:08:16","slug":"windows-bayer-76-comfort","status":"publish","type":"page","link":"https:\/\/www.roletarstvo-bayer.si\/en\/windows\/windows-bayer-76-comfort\/","title":{"rendered":"Windows Bayer 76 Comfort"},"content":{"rendered":"<p>[vc_row equal_height=&#8221;yes&#8221; content_placement=&#8221;middle&#8221;][vc_column width=&#8221;1\/2&#8243;][vc_single_image image=&#8221;245&#8243; img_size=&#8221;full&#8221; alignment=&#8221;center&#8221; lazy_loading=&#8221;true&#8221;][\/vc_column][vc_column width=&#8221;1\/2&#8243;][vc_column_text]<strong>With the Bayer 76 windows, we can create a living environment that optimally reflects your personal preferences.<\/strong><\/p>\n<p>The Bayer 76 windows meet all requirements for design, functionality, statics and thermal insulation, while the materials selected are environmentally friendly and durable.<\/p>\n<p>The windows provide added value to your property &#8211; high quality, environmentally-friendly materials and lasting comfort.  In combination with the adequate glazing, they provide optimal noise protection and thus improved quality of life.[\/vc_column_text][\/vc_column][\/vc_row][vc_row equal_height=&#8221;yes&#8221; content_placement=&#8221;middle&#8221; bg_type=&#8221;image&#8221; parallax_style=&#8221;vcpb-default&#8221; bg_image_new=&#8221;id^753|url^https:\/\/www.roletarstvo-bayer.si\/wp-content\/uploads\/prednosti-76.jpg|caption^null|alt^null|title^prednosti-76|description^null&#8221; bg_image_repeat=&#8221;no-repeat&#8221; bg_override=&#8221;ex-full&#8221; css=&#8221;.vc_custom_1562781291890{padding-top: 100px !important;padding-bottom: 100px !important;}&#8221;][vc_column width=&#8221;1\/6&#8243;][\/vc_column][vc_column width=&#8221;2\/3&#8243; css=&#8221;.vc_custom_1540508893033{padding-top: 25px !important;padding-right: 25px !important;padding-bottom: 25px !important;padding-left: 25px !important;background-color: rgba(255,255,255,0.89) !important;*background-color: rgb(255,255,255) !important;}&#8221;]<div id=\"ultimate-heading-656969e660e60cf27\" class=\"uvc-heading ult-adjust-bottom-margin ultimate-heading-656969e660e60cf27 uvc-2431 \" data-hspacer=\"no_spacer\"  data-halign=\"center\" style=\"text-align:center\"><div class=\"uvc-heading-spacer no_spacer\" style=\"top\"><\/div><div class=\"uvc-main-heading ult-responsive\"  data-ultimate-target='.uvc-heading.ultimate-heading-656969e660e60cf27 h2'  data-responsive-json-new='{\"font-size\":\"\",\"line-height\":\"\"}' ><h2 style=\"font-weight:normal;margin-bottom:20px;\">Benefits of the Bayer 76 windows<\/h2><\/div><\/div>[vc_column_text]<\/p>\n<ul class=\"fa-ul ul-prednosti\">\n<li><i class=\"fa-li fa fa-check-circle\"><\/i>5-chamber K\u00f6mmerling 76 profile,<\/li>\n<li><i class=\"fa-li fa fa-check-circle\"><\/i>frame and wing width of 76 mm,<\/li>\n<li><i class=\"fa-li fa fa-check-circle\"><\/i>thermal insulation of the Uf profile from 1.1 W \/ m2K,<\/li>\n<li><i class=\"fa-li fa fa-check-circle\"><\/i>thermal insulation window Uw from 0.77 W \/ m2K,<\/li>\n<li><i class=\"fa-li fa fa-check-circle\"><\/i>3 seals &#8211; two between the\n<li><i class=\"fa-li fa fa-check-circle\"><\/i>wing and frame and an innovative third one under the glass, which reduces the thermal bridge,<\/li>\n<li><i class=\"fa-li fa fa-check-circle\"><\/i>elegant profiles allow more glass surfaces and therefore more light in the room,<\/li>\n<li><i class=\"fa-li fa fa-check-circle\"><\/i>quality surface profile allows easy cleaning,<\/li>\n<li><i class=\"fa-li fa fa-check-circle\"><\/i>the option of installation of insulating glass with a thickness of up to 48 mm,<\/li>\n<li><i class=\"fa-li fa fa-check-circle\"><\/i>in combination with sound insulating glass, the window sound insulation reaches up to 47 dB,<\/li>\n<li><i class=\"fa-li fa fa-check-circle\"><\/i>corrosion-proof steel reinforcements built into the middle chamber of the PVC profile in accordance with the manufacturer&#8217;s guidelines,<\/li>\n<li><i class=\"fa-li fa fa-check-circle\"><\/i>top-quality German Winkhaus fittings with multi-stage ventilation,<\/li>\n<li><i class=\"fa-li fa fa-check-circle\"><\/i>excellent price-quality ratio.<\/li>\n<\/ul>\n<p>[\/vc_column_text][\/vc_column][vc_column width=&#8221;1\/6&#8243;][\/vc_column][\/vc_row][vc_row css=&#8221;.vc_custom_1540510816089{padding-top: 40px !important;padding-bottom: 40px !important;}&#8221;][vc_column width=&#8221;1\/2&#8243;][vc_single_image image=&#8221;254&#8243; img_size=&#8221;full&#8221; alignment=&#8221;center&#8221; style=&#8221;vc_box_shadow&#8221;][\/vc_column][vc_column width=&#8221;1\/2&#8243;]<div id=\"ultimate-heading-21869e660e60cf88\" class=\"uvc-heading ult-adjust-bottom-margin ultimate-heading-21869e660e60cf88 uvc-1487 \" data-hspacer=\"no_spacer\"  data-halign=\"left\" style=\"text-align:left\"><div class=\"uvc-heading-spacer no_spacer\" style=\"top\"><\/div><div class=\"uvc-main-heading ult-responsive\"  data-ultimate-target='.uvc-heading.ultimate-heading-21869e660e60cf88 h2'  data-responsive-json-new='{\"font-size\":\"\",\"line-height\":\"\"}' ><h2 style=\"font-weight:normal;margin-bottom:20px;\">Bayer 88 76 Comfort window fittings<\/h2><\/div><\/div>[vc_column_text]In the manufacture of PVC windows we use the top-quality ActivPilot security fittings made by the German manufacturer WinkHaus. High quality, safety fittings (sponge system around the entire perimeter of the window) ensure high security for your home, and the fittings can be upgraded to the WK2 class upon request.<br \/>\nIt should be emphasized that all windows include:<\/p>\n<ul>\n<li>multi-stage ventilation adapters that allow window sills to tilt at different angles,<\/li>\n<li>an additional element for the wing positioning and preventing an incorrect opening,<\/li>\n<li>a safety system, which prevents the forced raising of the wing when the window is closed and powder-coated aluminum hook<\/li>\n<\/ul>\n<p>[\/vc_column_text][vc_btn title=&#8221;Read more about window fittings&#8221; style=&#8221;flat&#8221; shape=&#8221;square&#8221; align=&#8221;left&#8221; css_animation=&#8221;fadeInDown&#8221; link=&#8221;url:%2F%3Fpage_id%3D511|title:Window%20fittings|&#8221;][\/vc_column][\/vc_row][vc_row content_placement=&#8221;middle&#8221; bg_type=&#8221;image&#8221; parallax_style=&#8221;vcpb-default&#8221; bg_image_new=&#8221;id^262|url^https:\/\/www.roletarstvo-bayer.si\/wp-content\/uploads\/steklitev-76-oken.jpg|caption^null|alt^steklitev okna 76|title^steklitev-76-oken|description^null&#8221; bg_image_repeat=&#8221;no-repeat&#8221; bg_image_posiiton=&#8221;bottom center&#8221; bg_override=&#8221;full&#8221; css=&#8221;.vc_custom_1541705186460{padding-top: 150px !important;padding-bottom: 150px !important;}&#8221;][vc_column width=&#8221;2\/3&#8243;][\/vc_column][vc_column width=&#8221;1\/3&#8243; css=&#8221;.vc_custom_1540510607613{padding-right: 40px !important;padding-left: 40px !important;background-color: #ffffff !important;}&#8221;]<div id=\"ultimate-heading-227469e660e60cfc9\" class=\"uvc-heading ult-adjust-bottom-margin ultimate-heading-227469e660e60cfc9 uvc-9705 \" data-hspacer=\"no_spacer\"  data-halign=\"center\" style=\"text-align:center\"><div class=\"uvc-heading-spacer no_spacer\" style=\"top\"><\/div><div class=\"uvc-main-heading ult-responsive\"  data-ultimate-target='.uvc-heading.ultimate-heading-227469e660e60cfc9 h2'  data-responsive-json-new='{\"font-size\":\"\",\"line-height\":\"\"}' ><h2 style=\"font-weight:normal;margin-bottom:20px;\">Window glazing<\/h2><\/div><\/div>[vc_column_text]In the Bayer 76 PVC windows, a double-layer of 4-16-4 thermal insulating glass is installed, with the thermal conductivity Ug = 1,0 W \/ m2K.<\/p>\n<p>At the customer&#8217;s request, we can also install different glass versions, up to glass 4-18-4-18-4, Ug = 0,5 W \/ m2K with a warm edge spacer, achieving window thermal insulation up to 0,77 W \/ m2K .[\/vc_column_text][vc_btn title=&#8221;Read more about window glazing&#8221; style=&#8221;flat&#8221; shape=&#8221;square&#8221; align=&#8221;left&#8221; css_animation=&#8221;fadeInDown&#8221; link=&#8221;url:%2F%3Fpage_id%3D512|title:Window%20glazing|&#8221;][\/vc_column][\/vc_row][vc_row css=&#8221;.vc_custom_1540511430588{padding-top: 30px !important;padding-bottom: 30px !important;}&#8221;][vc_column width=&#8221;1\/2&#8243;][vc_single_image image=&#8221;258&#8243; img_size=&#8221;full&#8221;][\/vc_column][vc_column width=&#8221;1\/2&#8243;][vc_column_text]<\/p>\n<h2>Barve<\/h2>\n<p>PVC Windows Bayer 76 Comfort are available in three colors: white, golden and dark oak.[\/vc_column_text][\/vc_column][\/vc_row][vc_row bg_type=&#8221;bg_color&#8221; bg_override=&#8221;ex-full&#8221; css=&#8221;.vc_custom_1540511259226{margin-top: 20px !important;padding-top: 20px !important;padding-bottom: 20px !important;}&#8221; bg_color_value=&#8221;#ededed&#8221;][vc_column width=&#8221;1\/2&#8243;]<div class=\"aio-icon-component    style_1\"><div id=\"Info-box-wrap-6154\" class=\"aio-icon-box default-icon\" style=\"\"  ><div class=\"aio-icon-default\"><div class=\"ult-just-icon-wrapper  \"><div class=\"align-icon\" style=\"text-align:center;\">\n<div class=\"aio-icon circle \" data-animation=\"fadeInLeft\" data-animation-delay=\"03\" style=\"color:#333;background:#f8ab50;font-size:32px;display:inline-block;\">\n\t<i class=\"Defaults-check\"><\/i>\n<\/div><\/div><\/div><\/div><div class=\"aio-icon-header\" ><h3 class=\"aio-icon-title ult-responsive\"  data-ultimate-target='#Info-box-wrap-6154 .aio-icon-title'  data-responsive-json-new='{\"font-size\":\"\",\"line-height\":\"\"}'  style=\"\">10-year-warranty on the weld strength, profile stability in all colours and wood decors, as well as the fittings.<\/h3><\/div> <!-- header --><div class=\"aio-icon-description ult-responsive\"  data-ultimate-target='#Info-box-wrap-6154 .aio-icon-description'  data-responsive-json-new='{\"font-size\":\"\",\"line-height\":\"\"}'  style=\"\"><a style=\"font-size: 12px;\" href=\"https:\/\/www.roletarstvo-bayer.si\/pogosta-vprasanja\/#garancija\">Ve\u010d o garanciji oken preberite tukaj.<\/a><\/div> <!-- description --><\/div> <!-- aio-icon-box --><\/div> <!-- aio-icon-component -->[\/vc_column][vc_column width=&#8221;1\/2&#8243;]<div class=\"aio-icon-component    style_1\"><div id=\"Info-box-wrap-2060\" class=\"aio-icon-box default-icon\" style=\"\"  ><div class=\"aio-icon-default\"><div class=\"ult-just-icon-wrapper  \"><div class=\"align-icon\" style=\"text-align:center;\">\n<div class=\"aio-icon circle \" data-animation=\"fadeInLeft\" data-animation-delay=\"03\" style=\"color:#333;background:#f8ab50;font-size:32px;display:inline-block;\">\n\t<i class=\"Defaults-check\"><\/i>\n<\/div><\/div><\/div><\/div><div class=\"aio-icon-header\" ><h3 class=\"aio-icon-title ult-responsive\"  data-ultimate-target='#Info-box-wrap-2060 .aio-icon-title'  data-responsive-json-new='{\"font-size\":\"\",\"line-height\":\"\"}'  style=\"\">5-year-warranty on the gas-filled glazing.<\/h3><\/div> <!-- header --><\/div> <!-- aio-icon-box --><\/div> <!-- aio-icon-component -->[\/vc_column][\/vc_row]<\/p>\n","protected":false},"excerpt":{"rendered":"<p>[vc_row equal_height=&#8221;yes&#8221; content_placement=&#8221;middle&#8221;][vc_column width=&#8221;1\/2&#8243;][vc_single_image image=&#8221;245&#8243; img_size=&#8221;full&#8221; alignment=&#8221;center&#8221; lazy_loading=&#8221;true&#8221;][\/vc_column][vc_column width=&#8221;1\/2&#8243;][vc_column_text]With the Bayer 76 windows, we can create a living environment that optimally reflects your personal preferences. The Bayer 76 windows meet all requirements for design, functionality, statics and thermal insulation, while the materials selected are environmentally friendly and durable. The windows provide added value to your&hellip;<\/p>\n","protected":false},"author":1,"featured_media":0,"parent":842,"menu_order":0,"comment_status":"closed","ping_status":"closed","template":"","meta":[],"class_list":["post-858","page","type-page","status-publish","hentry","description-off"],"yoast_head":"<!-- This site is optimized with the Yoast SEO plugin v23.4 - https:\/\/yoast.com\/wordpress\/plugins\/seo\/ -->\n<title>Windows Bayer 76 Comfort - Roletarstvo Bayer<\/title>\n<meta name=\"robots\" content=\"index, follow, max-snippet:-1, max-image-preview:large, max-video-preview:-1\" \/>\n<link rel=\"canonical\" href=\"https:\/\/www.roletarstvo-bayer.si\/en\/windows\/windows-bayer-76-comfort\/\" \/>\n<meta property=\"og:locale\" content=\"en_US\" \/>\n<meta property=\"og:type\" content=\"article\" \/>\n<meta property=\"og:title\" content=\"Windows Bayer 76 Comfort - Roletarstvo Bayer\" \/>\n<meta property=\"og:description\" content=\"[vc_row equal_height=&#8221;yes&#8221; content_placement=&#8221;middle&#8221;][vc_column width=&#8221;1\/2&#8243;][vc_single_image image=&#8221;245&#8243; img_size=&#8221;full&#8221; alignment=&#8221;center&#8221; lazy_loading=&#8221;true&#8221;][\/vc_column][vc_column width=&#8221;1\/2&#8243;][vc_column_text]With the Bayer 76 windows, we can create a living environment that optimally reflects your personal preferences. The Bayer 76 windows meet all requirements for design, functionality, statics and thermal insulation, while the materials selected are environmentally friendly and durable. The windows provide added value to your&hellip;\" \/>\n<meta property=\"og:url\" content=\"https:\/\/www.roletarstvo-bayer.si\/en\/windows\/windows-bayer-76-comfort\/\" \/>\n<meta property=\"og:site_name\" content=\"Roletarstvo Bayer\" \/>\n<meta property=\"article:modified_time\" content=\"2019-07-16T17:08:16+00:00\" \/>\n<meta name=\"twitter:card\" content=\"summary_large_image\" \/>\n<meta name=\"twitter:label1\" content=\"Est. reading time\" \/>\n\t<meta name=\"twitter:data1\" content=\"4 minutes\" \/>\n<script type=\"application\/ld+json\" class=\"yoast-schema-graph\">{\"@context\":\"https:\/\/schema.org\",\"@graph\":[{\"@type\":\"WebPage\",\"@id\":\"https:\/\/www.roletarstvo-bayer.si\/en\/windows\/windows-bayer-76-comfort\/\",\"url\":\"https:\/\/www.roletarstvo-bayer.si\/en\/windows\/windows-bayer-76-comfort\/\",\"name\":\"Windows Bayer 76 Comfort - Roletarstvo Bayer\",\"isPartOf\":{\"@id\":\"https:\/\/www.roletarstvo-bayer.si\/en\/#website\"},\"datePublished\":\"2019-07-16T17:08:12+00:00\",\"dateModified\":\"2019-07-16T17:08:16+00:00\",\"breadcrumb\":{\"@id\":\"https:\/\/www.roletarstvo-bayer.si\/en\/windows\/windows-bayer-76-comfort\/#breadcrumb\"},\"inLanguage\":\"en-US\",\"potentialAction\":[{\"@type\":\"ReadAction\",\"target\":[\"https:\/\/www.roletarstvo-bayer.si\/en\/windows\/windows-bayer-76-comfort\/\"]}]},{\"@type\":\"BreadcrumbList\",\"@id\":\"https:\/\/www.roletarstvo-bayer.si\/en\/windows\/windows-bayer-76-comfort\/#breadcrumb\",\"itemListElement\":[{\"@type\":\"ListItem\",\"position\":1,\"name\":\"Home\",\"item\":\"https:\/\/www.roletarstvo-bayer.si\/en\/\"},{\"@type\":\"ListItem\",\"position\":2,\"name\":\"Windows\",\"item\":\"https:\/\/www.roletarstvo-bayer.si\/en\/windows\/\"},{\"@type\":\"ListItem\",\"position\":3,\"name\":\"Windows Bayer 76 Comfort\"}]},{\"@type\":\"WebSite\",\"@id\":\"https:\/\/www.roletarstvo-bayer.si\/en\/#website\",\"url\":\"https:\/\/www.roletarstvo-bayer.si\/en\/\",\"name\":\"Roletarstvo Bayer\",\"description\":\"\u0160e eno spleti\u0161\u010de WordPress\",\"potentialAction\":[{\"@type\":\"SearchAction\",\"target\":{\"@type\":\"EntryPoint\",\"urlTemplate\":\"https:\/\/www.roletarstvo-bayer.si\/en\/?s={search_term_string}\"},\"query-input\":{\"@type\":\"PropertyValueSpecification\",\"valueRequired\":true,\"valueName\":\"search_term_string\"}}],\"inLanguage\":\"en-US\"}]}<\/script>\n<!-- \/ Yoast SEO plugin. -->","yoast_head_json":{"title":"Windows Bayer 76 Comfort - Roletarstvo Bayer","robots":{"index":"index","follow":"follow","max-snippet":"max-snippet:-1","max-image-preview":"max-image-preview:large","max-video-preview":"max-video-preview:-1"},"canonical":"https:\/\/www.roletarstvo-bayer.si\/en\/windows\/windows-bayer-76-comfort\/","og_locale":"en_US","og_type":"article","og_title":"Windows Bayer 76 Comfort - Roletarstvo Bayer","og_description":"[vc_row equal_height=&#8221;yes&#8221; content_placement=&#8221;middle&#8221;][vc_column width=&#8221;1\/2&#8243;][vc_single_image image=&#8221;245&#8243; img_size=&#8221;full&#8221; alignment=&#8221;center&#8221; lazy_loading=&#8221;true&#8221;][\/vc_column][vc_column width=&#8221;1\/2&#8243;][vc_column_text]With the Bayer 76 windows, we can create a living environment that optimally reflects your personal preferences. The Bayer 76 windows meet all requirements for design, functionality, statics and thermal insulation, while the materials selected are environmentally friendly and durable. The windows provide added value to your&hellip;","og_url":"https:\/\/www.roletarstvo-bayer.si\/en\/windows\/windows-bayer-76-comfort\/","og_site_name":"Roletarstvo Bayer","article_modified_time":"2019-07-16T17:08:16+00:00","twitter_card":"summary_large_image","twitter_misc":{"Est. reading time":"4 minutes"},"schema":{"@context":"https:\/\/schema.org","@graph":[{"@type":"WebPage","@id":"https:\/\/www.roletarstvo-bayer.si\/en\/windows\/windows-bayer-76-comfort\/","url":"https:\/\/www.roletarstvo-bayer.si\/en\/windows\/windows-bayer-76-comfort\/","name":"Windows Bayer 76 Comfort - Roletarstvo Bayer","isPartOf":{"@id":"https:\/\/www.roletarstvo-bayer.si\/en\/#website"},"datePublished":"2019-07-16T17:08:12+00:00","dateModified":"2019-07-16T17:08:16+00:00","breadcrumb":{"@id":"https:\/\/www.roletarstvo-bayer.si\/en\/windows\/windows-bayer-76-comfort\/#breadcrumb"},"inLanguage":"en-US","potentialAction":[{"@type":"ReadAction","target":["https:\/\/www.roletarstvo-bayer.si\/en\/windows\/windows-bayer-76-comfort\/"]}]},{"@type":"BreadcrumbList","@id":"https:\/\/www.roletarstvo-bayer.si\/en\/windows\/windows-bayer-76-comfort\/#breadcrumb","itemListElement":[{"@type":"ListItem","position":1,"name":"Home","item":"https:\/\/www.roletarstvo-bayer.si\/en\/"},{"@type":"ListItem","position":2,"name":"Windows","item":"https:\/\/www.roletarstvo-bayer.si\/en\/windows\/"},{"@type":"ListItem","position":3,"name":"Windows Bayer 76 Comfort"}]},{"@type":"WebSite","@id":"https:\/\/www.roletarstvo-bayer.si\/en\/#website","url":"https:\/\/www.roletarstvo-bayer.si\/en\/","name":"Roletarstvo Bayer","description":"\u0160e eno spleti\u0161\u010de WordPress","potentialAction":[{"@type":"SearchAction","target":{"@type":"EntryPoint","urlTemplate":"https:\/\/www.roletarstvo-bayer.si\/en\/?s={search_term_string}"},"query-input":{"@type":"PropertyValueSpecification","valueRequired":true,"valueName":"search_term_string"}}],"inLanguage":"en-US"}]}},"_links":{"self":[{"href":"https:\/\/www.roletarstvo-bayer.si\/en\/wp-json\/wp\/v2\/pages\/858"}],"collection":[{"href":"https:\/\/www.roletarstvo-bayer.si\/en\/wp-json\/wp\/v2\/pages"}],"about":[{"href":"https:\/\/www.roletarstvo-bayer.si\/en\/wp-json\/wp\/v2\/types\/page"}],"author":[{"embeddable":true,"href":"https:\/\/www.roletarstvo-bayer.si\/en\/wp-json\/wp\/v2\/users\/1"}],"replies":[{"embeddable":true,"href":"https:\/\/www.roletarstvo-bayer.si\/en\/wp-json\/wp\/v2\/comments?post=858"}],"version-history":[{"count":1,"href":"https:\/\/www.roletarstvo-bayer.si\/en\/wp-json\/wp\/v2\/pages\/858\/revisions"}],"predecessor-version":[{"id":859,"href":"https:\/\/www.roletarstvo-bayer.si\/en\/wp-json\/wp\/v2\/pages\/858\/revisions\/859"}],"up":[{"embeddable":true,"href":"https:\/\/www.roletarstvo-bayer.si\/en\/wp-json\/wp\/v2\/pages\/842"}],"wp:attachment":[{"href":"https:\/\/www.roletarstvo-bayer.si\/en\/wp-json\/wp\/v2\/media?parent=858"}],"curies":[{"name":"wp","href":"https:\/\/api.w.org\/{rel}","templated":true}]}}