{"id":886,"date":"2019-10-15T06:35:29","date_gmt":"2019-10-15T06:35:29","guid":{"rendered":"http:\/\/www.roletarstvo-bayer.si\/blinds\/"},"modified":"2019-10-15T06:35:30","modified_gmt":"2019-10-15T06:35:30","slug":"blinds","status":"publish","type":"page","link":"https:\/\/www.roletarstvo-bayer.si\/en\/blinds\/","title":{"rendered":"Blinds"},"content":{"rendered":"<p>[vc_row gap=&#8221;5&#8243; equal_height=&#8221;yes&#8221; content_placement=&#8221;middle&#8221; parallax_content=&#8221;parallax_content_value&#8221; fadeout_row=&#8221;fadeout_row_value&#8221; seperator_enable=&#8221;seperator_enable_value&#8221; seperator_type=&#8221;xlarge_circle_seperator&#8221; seperator_position=&#8221;bottom_seperator&#8221; seperator_shape_background=&#8221;#e5e5e5&#8243;][vc_column width=&#8221;1\/6&#8243;][\/vc_column][vc_column width=&#8221;4\/6&#8243;][vc_column_text]Venetian Blinds are a shading system consisting of differently shaped horizontal aluminum slats, which can be tilted, lowered, or pulled up by choice. Their greatest advantage, compared to the roller blinds, is that by tilting the slats, the room is not completely dark, even when the blinds are lowered.[\/vc_column_text][\/vc_column][vc_column width=&#8221;1\/6&#8243;][\/vc_column][\/vc_row][vc_row][vc_column][vc_separator][vc_row_inner][vc_column_inner width=&#8221;1\/2&#8243;][vc_single_image image=&#8221;326&#8243; img_size=&#8221;full&#8221;][\/vc_column_inner][vc_column_inner width=&#8221;1\/2&#8243;]<div id=\"ultimate-heading-359369e67d475f94c\" class=\"uvc-heading ult-adjust-bottom-margin ultimate-heading-359369e67d475f94c uvc-8064 \" data-hspacer=\"no_spacer\"  data-halign=\"left\" style=\"text-align:left\"><div class=\"uvc-heading-spacer no_spacer\" style=\"top\"><\/div><div class=\"uvc-main-heading ult-responsive\"  data-ultimate-target='.uvc-heading.ultimate-heading-359369e67d475f94c h2'  data-responsive-json-new='{\"font-size\":\"\",\"line-height\":\"\"}' ><h2 style=\"font-weight:normal;margin-bottom:10px;\">Roller Blinds<\/h2><\/div><\/div>[vc_column_text]You can choose between Indoor ALU Blinds that can be mounted on the inner side of the window casement, and the Outdoor ALU Blinds that can be mounted on the outer side of the window casement.[\/vc_column_text][vc_btn title=&#8221;More about Venetian Blinds&#8221; style=&#8221;flat&#8221; shape=&#8221;square&#8221; size=&#8221;lg&#8221; align=&#8221;left&#8221; css_animation=&#8221;fadeInDown&#8221; css=&#8221;.vc_custom_1563966220413{margin-top: 0px !important;border-top-width: 0px !important;}&#8221; el_class=&#8221;btn_vrsta&#8221; link=&#8221;url:%2F%3Fpage_id%3D374|title:Roller%20Blinds|&#8221;][\/vc_column_inner][\/vc_row_inner][\/vc_column][\/vc_row][vc_row][vc_column][vc_separator][vc_row_inner][vc_column_inner width=&#8221;1\/2&#8243;][vc_single_image image=&#8221;337&#8243; img_size=&#8221;full&#8221; css=&#8221;.vc_custom_1564081895626{margin-bottom: 0px !important;border-top-width: 1px !important;border-right-width: 1px !important;border-bottom-width: 0px !important;border-left-width: 1px !important;padding-bottom: 0px !important;border-left-color: #ebebeb !important;border-left-style: solid !important;border-right-color: #ebebeb !important;border-right-style: solid !important;border-top-color: #ebebeb !important;border-top-style: solid !important;border-bottom-color: #ebebeb !important;border-bottom-style: solid !important;}&#8221;][\/vc_column_inner][vc_column_inner width=&#8221;1\/2&#8243;]<div id=\"ultimate-heading-421869e67d475f9d8\" class=\"uvc-heading ult-adjust-bottom-margin ultimate-heading-421869e67d475f9d8 uvc-9074 \" data-hspacer=\"no_spacer\"  data-halign=\"left\" style=\"text-align:left\"><div class=\"uvc-heading-spacer no_spacer\" style=\"top\"><\/div><div class=\"uvc-main-heading ult-responsive\"  data-ultimate-target='.uvc-heading.ultimate-heading-421869e67d475f9d8 h2'  data-responsive-json-new='{\"font-size\":\"\",\"line-height\":\"\"}' ><h2 style=\"font-weight:normal;margin-bottom:10px;\">Roller Blinds<\/h2><\/div><\/div>[vc_column_text]Roller Blinds are among the best-selling shading systems.<br \/>\nWith their tested construction and easy maintenance, they are a popular choice of investors, both for adaptations and new buildings. Their advantages in comparison with other shading systems are better thermal and acoustic isolation, greater burglar security, and easier maintenance. Last but not least, due to the compact design, they are extremely durable. Roller mosquito sheets can be installed in all types of roller blinds, which increases their usefulness.<br \/>\nWith roller blinds we can dim the room completely.[\/vc_column_text][vc_btn title=&#8221;More about Roller Blinds&#8221; style=&#8221;flat&#8221; shape=&#8221;square&#8221; size=&#8221;lg&#8221; align=&#8221;left&#8221; css_animation=&#8221;fadeInDown&#8221; css=&#8221;.vc_custom_1563966273810{margin-top: 0px !important;border-top-width: 0px !important;}&#8221; el_class=&#8221;btn_vrsta&#8221; link=&#8221;url:%2F%3Fpage_id%3D81|title:Roller%20Blinds|&#8221;][\/vc_column_inner][\/vc_row_inner][\/vc_column][\/vc_row][vc_row][vc_column][vc_separator][vc_row_inner el_id=&#8221;tende&#8221;][vc_column_inner width=&#8221;1\/2&#8243;][vc_single_image image=&#8221;342&#8243; img_size=&#8221;full&#8221; css=&#8221;.vc_custom_1564081915835{margin-bottom: 0px !important;border-top-width: 1px !important;border-right-width: 1px !important;border-bottom-width: 0px !important;border-left-width: 1px !important;padding-bottom: 0px !important;border-left-color: #ebebeb !important;border-left-style: solid !important;border-right-color: #ebebeb !important;border-right-style: solid !important;border-top-color: #ebebeb !important;border-top-style: solid !important;border-bottom-color: #ebebeb !important;border-bottom-style: solid !important;}&#8221;][\/vc_column_inner][vc_column_inner width=&#8221;1\/2&#8243;]<div id=\"ultimate-heading-756869e67d475fa43\" class=\"uvc-heading ult-adjust-bottom-margin ultimate-heading-756869e67d475fa43 uvc-4516 \" data-hspacer=\"no_spacer\"  data-halign=\"left\" style=\"text-align:left\"><div class=\"uvc-heading-spacer no_spacer\" style=\"top\"><\/div><div class=\"uvc-main-heading ult-responsive\"  data-ultimate-target='.uvc-heading.ultimate-heading-756869e67d475fa43 h2'  data-responsive-json-new='{\"font-size\":\"\",\"line-height\":\"\"}' ><h2 style=\"font-weight:normal;margin-bottom:10px;\">Awning<\/h2><\/div><\/div>[vc_column_text]Awnings can be used on porches, backyards, balconies or in front of your business place with a big banner of your business name.[\/vc_column_text][\/vc_column_inner][\/vc_row_inner][\/vc_column][\/vc_row][vc_row][vc_column][vc_separator][vc_row_inner el_id=&#8221;lamelne-zavese&#8221;][vc_column_inner width=&#8221;1\/2&#8243;][vc_single_image image=&#8221;346&#8243; img_size=&#8221;full&#8221; css=&#8221;.vc_custom_1564081953470{margin-bottom: 0px !important;border-top-width: 1px !important;border-right-width: 1px !important;border-bottom-width: 0px !important;border-left-width: 1px !important;padding-bottom: 0px !important;border-left-color: #ebebeb !important;border-left-style: solid !important;border-right-color: #ebebeb !important;border-right-style: solid !important;border-top-color: #ebebeb !important;border-top-style: solid !important;border-bottom-color: #ebebeb !important;border-bottom-style: solid !important;}&#8221;][\/vc_column_inner][vc_column_inner width=&#8221;1\/2&#8243;]<div id=\"ultimate-heading-289769e67d475faa8\" class=\"uvc-heading ult-adjust-bottom-margin ultimate-heading-289769e67d475faa8 uvc-3189 \" data-hspacer=\"no_spacer\"  data-halign=\"left\" style=\"text-align:left\"><div class=\"uvc-heading-spacer no_spacer\" style=\"top\"><\/div><div class=\"uvc-main-heading ult-responsive\"  data-ultimate-target='.uvc-heading.ultimate-heading-289769e67d475faa8 h2'  data-responsive-json-new='{\"font-size\":\"\",\"line-height\":\"\"}' ><h2 style=\"font-weight:normal;margin-bottom:10px;\">Lamellar Curtains<\/h2><\/div><\/div>[vc_column_text]Lamellar curtains are a great way to protect your interior from the Sun and also add aesthetically pleasing look to your room. Lamels are colored with anti-static paint which prevents dust from collecting on them.[\/vc_column_text][\/vc_column_inner][\/vc_row_inner][\/vc_column][\/vc_row][vc_row][vc_column][vc_separator][vc_row_inner][vc_column_inner width=&#8221;1\/2&#8243;][vc_single_image image=&#8221;350&#8243; img_size=&#8221;full&#8221; css=&#8221;.vc_custom_1564081963932{margin-bottom: 0px !important;border-top-width: 1px !important;border-right-width: 1px !important;border-bottom-width: 0px !important;border-left-width: 1px !important;padding-bottom: 0px !important;border-left-color: #ebebeb !important;border-left-style: solid !important;border-right-color: #ebebeb !important;border-right-style: solid !important;border-top-color: #ebebeb !important;border-top-style: solid !important;border-bottom-color: #ebebeb !important;border-bottom-style: solid !important;}&#8221;][\/vc_column_inner][vc_column_inner width=&#8221;1\/2&#8243;]<div id=\"ultimate-heading-122769e67d475fb11\" class=\"uvc-heading ult-adjust-bottom-margin ultimate-heading-122769e67d475fb11 uvc-5651 \" data-hspacer=\"no_spacer\"  data-halign=\"left\" style=\"text-align:left\"><div class=\"uvc-heading-spacer no_spacer\" style=\"top\"><\/div><div class=\"uvc-main-heading ult-responsive\"  data-ultimate-target='.uvc-heading.ultimate-heading-122769e67d475fb11 h2'  data-responsive-json-new='{\"font-size\":\"\",\"line-height\":\"\"}' ><h2 style=\"font-weight:normal;margin-bottom:10px;\">Insect Sheets<\/h2><\/div><\/div>[vc_column_text]Insect sheets are designed to protect the room from mosquitoes, flies and other annoying insects.<br \/>\nWe offer several different types of insect sheets. What they all have in common is that they are made from durable ALU fibers, available in different colors. You can choose between different types of nets (standard nets, ALU nets, nets that block pollen, etc.).[\/vc_column_text][vc_btn title=&#8221;Read more about Insect Sheets&#8221; style=&#8221;flat&#8221; shape=&#8221;square&#8221; size=&#8221;lg&#8221; align=&#8221;left&#8221; css_animation=&#8221;fadeInDown&#8221; css=&#8221;.vc_custom_1563966304186{margin-top: 0px !important;border-top-width: 0px !important;}&#8221; el_class=&#8221;btn_vrsta&#8221; link=&#8221;url:%2F%3Fpage_id%3D86|title:Insect%20Sheets|&#8221;][\/vc_column_inner][\/vc_row_inner][\/vc_column][\/vc_row][vc_row][vc_column][vc_separator][vc_row_inner el_id=&#8221;roloji&#8221;][vc_column_inner width=&#8221;1\/2&#8243;][vc_single_image image=&#8221;354&#8243; img_size=&#8221;full&#8221; css=&#8221;.vc_custom_1564081972238{margin-bottom: 0px !important;border-top-width: 1px !important;border-right-width: 1px !important;border-bottom-width: 0px !important;border-left-width: 1px !important;padding-bottom: 0px !important;border-left-color: #ebebeb !important;border-left-style: solid !important;border-right-color: #ebebeb !important;border-right-style: solid !important;border-top-color: #ebebeb !important;border-top-style: solid !important;border-bottom-color: #ebebeb !important;border-bottom-style: solid !important;}&#8221;][\/vc_column_inner][vc_column_inner width=&#8221;1\/2&#8243;]<div id=\"ultimate-heading-815069e67d475fb76\" class=\"uvc-heading ult-adjust-bottom-margin ultimate-heading-815069e67d475fb76 uvc-8949 \" data-hspacer=\"no_spacer\"  data-halign=\"left\" style=\"text-align:left\"><div class=\"uvc-heading-spacer no_spacer\" style=\"top\"><\/div><div class=\"uvc-main-heading ult-responsive\"  data-ultimate-target='.uvc-heading.ultimate-heading-815069e67d475fb76 h2'  data-responsive-json-new='{\"font-size\":\"\",\"line-height\":\"\"}' ><h2 style=\"font-weight:normal;margin-bottom:10px;\">Shutters<\/h2><\/div><\/div>[vc_column_text]Interior used shutters are incredibly good looking addon for your windows and the room itself since they can be made in any color and textures. Shutters protect your from unwanted views from outside and from hot summer Sun beams.[\/vc_column_text][\/vc_column_inner][\/vc_row_inner][\/vc_column][\/vc_row]<\/p>\n","protected":false},"excerpt":{"rendered":"<p>[vc_row gap=&#8221;5&#8243; equal_height=&#8221;yes&#8221; content_placement=&#8221;middle&#8221; parallax_content=&#8221;parallax_content_value&#8221; fadeout_row=&#8221;fadeout_row_value&#8221; seperator_enable=&#8221;seperator_enable_value&#8221; seperator_type=&#8221;xlarge_circle_seperator&#8221; seperator_position=&#8221;bottom_seperator&#8221; seperator_shape_background=&#8221;#e5e5e5&#8243;][vc_column width=&#8221;1\/6&#8243;][\/vc_column][vc_column width=&#8221;4\/6&#8243;][vc_column_text]Venetian Blinds are a shading system consisting of differently shaped horizontal aluminum slats, which can be tilted, lowered, or pulled up by choice. Their greatest advantage, compared to the roller blinds, is that by tilting the slats, the room is not completely dark, even&hellip;<\/p>\n","protected":false},"author":1,"featured_media":0,"parent":0,"menu_order":0,"comment_status":"closed","ping_status":"closed","template":"","meta":[],"class_list":["post-886","page","type-page","status-publish","hentry","description-off"],"yoast_head":"<!-- This site is optimized with the Yoast SEO plugin v23.4 - https:\/\/yoast.com\/wordpress\/plugins\/seo\/ -->\n<title>Blinds - Roletarstvo Bayer<\/title>\n<meta name=\"robots\" content=\"index, follow, max-snippet:-1, max-image-preview:large, max-video-preview:-1\" \/>\n<link rel=\"canonical\" href=\"https:\/\/www.roletarstvo-bayer.si\/en\/blinds\/\" \/>\n<meta property=\"og:locale\" content=\"en_US\" \/>\n<meta property=\"og:type\" content=\"article\" \/>\n<meta property=\"og:title\" content=\"Blinds - Roletarstvo Bayer\" \/>\n<meta property=\"og:description\" content=\"[vc_row gap=&#8221;5&#8243; equal_height=&#8221;yes&#8221; content_placement=&#8221;middle&#8221; parallax_content=&#8221;parallax_content_value&#8221; fadeout_row=&#8221;fadeout_row_value&#8221; seperator_enable=&#8221;seperator_enable_value&#8221; seperator_type=&#8221;xlarge_circle_seperator&#8221; seperator_position=&#8221;bottom_seperator&#8221; seperator_shape_background=&#8221;#e5e5e5&#8243;][vc_column width=&#8221;1\/6&#8243;][\/vc_column][vc_column width=&#8221;4\/6&#8243;][vc_column_text]Venetian Blinds are a shading system consisting of differently shaped horizontal aluminum slats, which can be tilted, lowered, or pulled up by choice. Their greatest advantage, compared to the roller blinds, is that by tilting the slats, the room is not completely dark, even&hellip;\" \/>\n<meta property=\"og:url\" content=\"https:\/\/www.roletarstvo-bayer.si\/en\/blinds\/\" \/>\n<meta property=\"og:site_name\" content=\"Roletarstvo Bayer\" \/>\n<meta property=\"article:modified_time\" content=\"2019-10-15T06:35:30+00:00\" \/>\n<meta name=\"twitter:card\" content=\"summary_large_image\" \/>\n<meta name=\"twitter:label1\" content=\"Est. reading time\" \/>\n\t<meta name=\"twitter:data1\" content=\"5 minutes\" \/>\n<script type=\"application\/ld+json\" class=\"yoast-schema-graph\">{\"@context\":\"https:\/\/schema.org\",\"@graph\":[{\"@type\":\"WebPage\",\"@id\":\"https:\/\/www.roletarstvo-bayer.si\/en\/blinds\/\",\"url\":\"https:\/\/www.roletarstvo-bayer.si\/en\/blinds\/\",\"name\":\"Blinds - Roletarstvo Bayer\",\"isPartOf\":{\"@id\":\"https:\/\/www.roletarstvo-bayer.si\/en\/#website\"},\"datePublished\":\"2019-10-15T06:35:29+00:00\",\"dateModified\":\"2019-10-15T06:35:30+00:00\",\"breadcrumb\":{\"@id\":\"https:\/\/www.roletarstvo-bayer.si\/en\/blinds\/#breadcrumb\"},\"inLanguage\":\"en-US\",\"potentialAction\":[{\"@type\":\"ReadAction\",\"target\":[\"https:\/\/www.roletarstvo-bayer.si\/en\/blinds\/\"]}]},{\"@type\":\"BreadcrumbList\",\"@id\":\"https:\/\/www.roletarstvo-bayer.si\/en\/blinds\/#breadcrumb\",\"itemListElement\":[{\"@type\":\"ListItem\",\"position\":1,\"name\":\"Home\",\"item\":\"https:\/\/www.roletarstvo-bayer.si\/en\/\"},{\"@type\":\"ListItem\",\"position\":2,\"name\":\"Blinds\"}]},{\"@type\":\"WebSite\",\"@id\":\"https:\/\/www.roletarstvo-bayer.si\/en\/#website\",\"url\":\"https:\/\/www.roletarstvo-bayer.si\/en\/\",\"name\":\"Roletarstvo Bayer\",\"description\":\"\u0160e eno spleti\u0161\u010de WordPress\",\"potentialAction\":[{\"@type\":\"SearchAction\",\"target\":{\"@type\":\"EntryPoint\",\"urlTemplate\":\"https:\/\/www.roletarstvo-bayer.si\/en\/?s={search_term_string}\"},\"query-input\":{\"@type\":\"PropertyValueSpecification\",\"valueRequired\":true,\"valueName\":\"search_term_string\"}}],\"inLanguage\":\"en-US\"}]}<\/script>\n<!-- \/ Yoast SEO plugin. -->","yoast_head_json":{"title":"Blinds - Roletarstvo Bayer","robots":{"index":"index","follow":"follow","max-snippet":"max-snippet:-1","max-image-preview":"max-image-preview:large","max-video-preview":"max-video-preview:-1"},"canonical":"https:\/\/www.roletarstvo-bayer.si\/en\/blinds\/","og_locale":"en_US","og_type":"article","og_title":"Blinds - Roletarstvo Bayer","og_description":"[vc_row gap=&#8221;5&#8243; equal_height=&#8221;yes&#8221; content_placement=&#8221;middle&#8221; parallax_content=&#8221;parallax_content_value&#8221; fadeout_row=&#8221;fadeout_row_value&#8221; seperator_enable=&#8221;seperator_enable_value&#8221; seperator_type=&#8221;xlarge_circle_seperator&#8221; seperator_position=&#8221;bottom_seperator&#8221; seperator_shape_background=&#8221;#e5e5e5&#8243;][vc_column width=&#8221;1\/6&#8243;][\/vc_column][vc_column width=&#8221;4\/6&#8243;][vc_column_text]Venetian Blinds are a shading system consisting of differently shaped horizontal aluminum slats, which can be tilted, lowered, or pulled up by choice. Their greatest advantage, compared to the roller blinds, is that by tilting the slats, the room is not completely dark, even&hellip;","og_url":"https:\/\/www.roletarstvo-bayer.si\/en\/blinds\/","og_site_name":"Roletarstvo Bayer","article_modified_time":"2019-10-15T06:35:30+00:00","twitter_card":"summary_large_image","twitter_misc":{"Est. reading time":"5 minutes"},"schema":{"@context":"https:\/\/schema.org","@graph":[{"@type":"WebPage","@id":"https:\/\/www.roletarstvo-bayer.si\/en\/blinds\/","url":"https:\/\/www.roletarstvo-bayer.si\/en\/blinds\/","name":"Blinds - Roletarstvo Bayer","isPartOf":{"@id":"https:\/\/www.roletarstvo-bayer.si\/en\/#website"},"datePublished":"2019-10-15T06:35:29+00:00","dateModified":"2019-10-15T06:35:30+00:00","breadcrumb":{"@id":"https:\/\/www.roletarstvo-bayer.si\/en\/blinds\/#breadcrumb"},"inLanguage":"en-US","potentialAction":[{"@type":"ReadAction","target":["https:\/\/www.roletarstvo-bayer.si\/en\/blinds\/"]}]},{"@type":"BreadcrumbList","@id":"https:\/\/www.roletarstvo-bayer.si\/en\/blinds\/#breadcrumb","itemListElement":[{"@type":"ListItem","position":1,"name":"Home","item":"https:\/\/www.roletarstvo-bayer.si\/en\/"},{"@type":"ListItem","position":2,"name":"Blinds"}]},{"@type":"WebSite","@id":"https:\/\/www.roletarstvo-bayer.si\/en\/#website","url":"https:\/\/www.roletarstvo-bayer.si\/en\/","name":"Roletarstvo Bayer","description":"\u0160e eno spleti\u0161\u010de WordPress","potentialAction":[{"@type":"SearchAction","target":{"@type":"EntryPoint","urlTemplate":"https:\/\/www.roletarstvo-bayer.si\/en\/?s={search_term_string}"},"query-input":{"@type":"PropertyValueSpecification","valueRequired":true,"valueName":"search_term_string"}}],"inLanguage":"en-US"}]}},"_links":{"self":[{"href":"https:\/\/www.roletarstvo-bayer.si\/en\/wp-json\/wp\/v2\/pages\/886"}],"collection":[{"href":"https:\/\/www.roletarstvo-bayer.si\/en\/wp-json\/wp\/v2\/pages"}],"about":[{"href":"https:\/\/www.roletarstvo-bayer.si\/en\/wp-json\/wp\/v2\/types\/page"}],"author":[{"embeddable":true,"href":"https:\/\/www.roletarstvo-bayer.si\/en\/wp-json\/wp\/v2\/users\/1"}],"replies":[{"embeddable":true,"href":"https:\/\/www.roletarstvo-bayer.si\/en\/wp-json\/wp\/v2\/comments?post=886"}],"version-history":[{"count":1,"href":"https:\/\/www.roletarstvo-bayer.si\/en\/wp-json\/wp\/v2\/pages\/886\/revisions"}],"predecessor-version":[{"id":887,"href":"https:\/\/www.roletarstvo-bayer.si\/en\/wp-json\/wp\/v2\/pages\/886\/revisions\/887"}],"wp:attachment":[{"href":"https:\/\/www.roletarstvo-bayer.si\/en\/wp-json\/wp\/v2\/media?parent=886"}],"curies":[{"name":"wp","href":"https:\/\/api.w.org\/{rel}","templated":true}]}}